{"id":874,"date":"2022-04-29T15:18:35","date_gmt":"2022-04-29T13:18:35","guid":{"rendered":"http:\/\/photoclublge.fr\/WP\/?page_id=874"},"modified":"2025-01-29T15:28:54","modified_gmt":"2025-01-29T14:28:54","slug":"politique-de-confidentialite","status":"publish","type":"page","link":"https:\/\/photoclubibmca.fr\/WP\/politique-de-confidentialite\/","title":{"rendered":"Politique de confidentialit\u00e9"},"content":{"rendered":"<h2>Qui sommes-nous&nbsp;?<\/h2>\n<p>L\u2019adresse de notre site Web est : https:\/\/photoclubibmca.fr\/ (anciennement photoclublge.fr)<\/p>\n<h2>Utilisation des donn\u00e9es personnelles collect\u00e9es<\/h2>\n<h3>Commentaires<\/h3>\n<p><span style=\"color: inherit;\">Les commentaires sont d\u00e9sactiv\u00e9s sur le site.<\/span><\/p>\n<p><span style=\"color: inherit; font-size: 1.56em; font-weight: 600;\">M\u00e9dias<\/span><\/p>\n<p>Le t\u00e9l\u00e9versement de m\u00e9dias est r\u00e9serv\u00e9 aux r\u00f4les administrateur et auteur\/autrice. Les membres du club n&rsquo;ont pas la possibilit\u00e9 de t\u00e9l\u00e9verser des m\u00e9dias.<\/p>\n<p>Si vous \u00eates un utilisateur ou une utilisatrice enregistr\u00e9\u00b7e et que vous pouvez t\u00e9l\u00e9verser des images sur le site web, nous vous conseillons d\u2019\u00e9viter de t\u00e9l\u00e9verser des images contenant des donn\u00e9es EXIF de coordonn\u00e9es GPS. Les visiteurs de votre site web peuvent t\u00e9l\u00e9charger et extraire des donn\u00e9es de localisation depuis ces images.&nbsp;<\/p>\n<h3>Formulaires de contact<\/h3>\n<h3>Cookies<\/h3>\n<p>Si vous avez un compte en tant que membre (adh\u00e9rent de l&rsquo;association) et que vous vous connectez sur ce site, un cookie temporaire sera cr\u00e9\u00e9 afin de d\u00e9terminer si votre navigateur accepte les cookies. Il ne contient pas de donn\u00e9es personnelles et sera supprim\u00e9 automatiquement \u00e0 la fermeture de votre navigateur.<\/p>\n<p>Lorsque vous vous connecterez, nous mettrons en place un certain nombre de cookies pour enregistrer vos informations de connexion et vos pr\u00e9f\u00e9rences d\u2019\u00e9cran. La dur\u00e9e de vie d\u2019un cookie de connexion est de deux jours, celle d\u2019un cookie d\u2019option d\u2019\u00e9cran est d\u2019un an. Si vous cochez \u00ab&nbsp;Se souvenir de moi&nbsp;\u00bb, votre cookie de connexion sera conserv\u00e9 pendant deux semaines. Si vous vous d\u00e9connectez de votre compte, le cookie de connexion sera effac\u00e9.<\/p>\n<p>Pour les r\u00f4les auteur, en modifiant ou en publiant un article, un cookie suppl\u00e9mentaire sera enregistr\u00e9 dans votre navigateur. Ce cookie ne comprend aucune donn\u00e9e personnelle. Il indique simplement l\u2019identifiant de l\u2019article que vous venez de modifier. Il expire au bout d\u2019un jour.<\/p>\n<h3>Donn\u00e9es collect\u00e9es<\/h3>\n<p>Les formulaires pr\u00e9sents sur le site sont destin\u00e9s \u00e0 la collecte des informations n\u00e9cessaires et suffisantes au traitement des demandes formul\u00e9es par les utilisateurs du site. Ces informations sont transmises, en fonction des formulaires, aux personnes responsables de l&rsquo;association, \u00e0 savoir :<\/p>\n<ul>\n<li>pr\u00e9sident de l&rsquo;association<\/li>\n<li>Tr\u00e9sorier<\/li>\n<li>Secr\u00e9taire<\/li>\n<li>Webmaster<\/li>\n<li>Responsable des impressions<\/li>\n<\/ul>\n<p>Les informations personnelles collect\u00e9es sont essentielles au bon traitement des demandes formul\u00e9es via le site et les pages d\u00e9di\u00e9es aux formulaires pr\u00e9sents, \u00e0 savoir :&nbsp;<\/p>\n<ul>\n<li>Nom, \u00e9ventuellement pr\u00e9nom<\/li>\n<li>Adresse mail<\/li>\n<li>T\u00e9l\u00e9phone<\/li>\n<\/ul>\n<p>Sont \u00e9galement et automatiquement collect\u00e9es des informations techniques, \u00e0 savoir :<\/p>\n<ul>\n<li>Adresse IP<\/li>\n<li>Type de navigateur<\/li>\n<\/ul>\n<p>Ces donn\u00e9es ne sont pas trait\u00e9es dans la demande en dehors des cas d&rsquo;utilisation illicite des formulaires (spam, par exemple) mais elles peuvent \u00eatre stock\u00e9es pour faciliter la gestion du site (blocage de mails, IP abusifs).<\/p>\n<h3>Contenu embarqu\u00e9 depuis d\u2019autres sites<\/h3>\n<p>Les articles de ce site peuvent inclure des contenus int\u00e9gr\u00e9s (par exemple des vid\u00e9os, images, articles\u2026). Le contenu int\u00e9gr\u00e9 depuis d\u2019autres sites se comporte de la m\u00eame mani\u00e8re que si le visiteur se rendait sur cet autre site.<\/p>\n<p>Ces sites web pourraient collecter des donn\u00e9es sur vous, utiliser des cookies, embarquer des outils de suivis tiers, suivre vos interactions avec ces contenus embarqu\u00e9s si vous disposez d\u2019un compte connect\u00e9 sur leur site web.<\/p>\n<h3>Statistiques et mesures d\u2019audience<\/h3>\n<h2>Utilisation et transmission de vos donn\u00e9es personnelles<\/h2>\n<h2>Dur\u00e9es de stockage de vos donn\u00e9es<\/h2>\n<p>Pour les utilisateurs et utilisatrices qui s\u2019enregistrent sur notre site (si cela est possible), nous stockons \u00e9galement les donn\u00e9es personnelles indiqu\u00e9es dans leur profil. Tous les utilisateurs et utilisatrices peuvent voir, modifier ou supprimer leurs informations personnelles \u00e0 tout moment (\u00e0 l\u2019exception de leur nom d\u2019utilisateur\u00b7ice). Les gestionnaires du site peuvent aussi voir et modifier ces informations.<\/p>\n<h2>Les droits que vous avez sur vos donn\u00e9es<\/h2>\n<p>Si vous avez un compte d\u00e9fini sur le site, vous pouvez demander \u00e0 recevoir un fichier contenant toutes les donn\u00e9es personnelles que nous poss\u00e9dons \u00e0 votre sujet, incluant celles que vous nous avez fournies. Vous pouvez \u00e9galement demander la suppression des donn\u00e9es personnelles vous concernant. Cela ne prend pas en compte les donn\u00e9es stock\u00e9es \u00e0 des fins administratives, l\u00e9gales ou pour des raisons de s\u00e9curit\u00e9.<\/p>\n<h2>Transmission de vos donn\u00e9es personnelles<\/h2>\n<p>Les demandes de contact des visiteurs &#8211; utilisateurs non identifi\u00e9s &#8211; peuvent \u00eatre v\u00e9rifi\u00e9s \u00e0 l\u2019aide d\u2019un service automatis\u00e9 de d\u00e9tection des commentaires ind\u00e9sirables.<\/p>\n<h2>Informations de contact<\/h2>\n<p>Les informations de contact sont rappel\u00e9es dans la page \u00ab\u00a0Mentions l\u00e9gales\u00a0\u00bb accessible via le menu principal.<\/p>\n","protected":false},"excerpt":{"rendered":"<p>Qui sommes-nous&nbsp;? L\u2019adresse de notre site Web est : https:\/\/photoclubibmca.fr\/ (anciennement photoclublge.fr) Utilisation des donn\u00e9es personnelles collect\u00e9es Commentaires Les commentaires sont d\u00e9sactiv\u00e9s sur le site. M\u00e9dias Le t\u00e9l\u00e9versement de m\u00e9dias&#8230; <a href=\"https:\/\/photoclubibmca.fr\/WP\/politique-de-confidentialite\/\">Read more &raquo;<\/a><\/p>\n","protected":false},"author":79,"featured_media":0,"parent":0,"menu_order":0,"comment_status":"closed","ping_status":"closed","template":"","meta":{"ngg_post_thumbnail":0,"footnotes":""},"class_list":["post-874","page","type-page","status-publish","hentry"],"_links":{"self":[{"href":"https:\/\/photoclubibmca.fr\/WP\/wp-json\/wp\/v2\/pages\/874","targetHints":{"allow":["GET"]}}],"collection":[{"href":"https:\/\/photoclubibmca.fr\/WP\/wp-json\/wp\/v2\/pages"}],"about":[{"href":"https:\/\/photoclubibmca.fr\/WP\/wp-json\/wp\/v2\/types\/page"}],"author":[{"embeddable":true,"href":"https:\/\/photoclubibmca.fr\/WP\/wp-json\/wp\/v2\/users\/79"}],"replies":[{"embeddable":true,"href":"https:\/\/photoclubibmca.fr\/WP\/wp-json\/wp\/v2\/comments?post=874"}],"version-history":[{"count":1,"href":"https:\/\/photoclubibmca.fr\/WP\/wp-json\/wp\/v2\/pages\/874\/revisions"}],"predecessor-version":[{"id":16705,"href":"https:\/\/photoclubibmca.fr\/WP\/wp-json\/wp\/v2\/pages\/874\/revisions\/16705"}],"wp:attachment":[{"href":"https:\/\/photoclubibmca.fr\/WP\/wp-json\/wp\/v2\/media?parent=874"}],"curies":[{"name":"wp","href":"https:\/\/api.w.org\/{rel}","templated":true}]}}