{"id":809,"date":"2017-11-21T14:06:49","date_gmt":"2017-11-21T13:06:49","guid":{"rendered":"http:\/\/photoclublge.fr\/WP\/?page_id=809"},"modified":"2025-03-21T15:34:04","modified_gmt":"2025-03-21T14:34:04","slug":"manuels-utilisateur-bkup","status":"publish","type":"page","link":"https:\/\/photoclubibmca.fr\/WP\/manuels-utilisateur-bkup\/","title":{"rendered":"Manuels utilisateur"},"content":{"rendered":"<p><span class=\"wppb-frontend-restriction-message wppb-content-restriction-message\">Vous devez \u00eatre connect\u00e9(e) pour acc\u00e9der \u00e0 ce contenu.\u00a0En cas de probl\u00e8me de connexion, merci de bien vouloir contacter le <a href=\"https:\/\/photoclublge.fr\/WP\/contact-2\/\" target=\"_blank\" rel=\"noopener\">webmaster<\/a><\/span><\/p>\n","protected":false},"excerpt":{"rendered":"<p>Vous devez \u00eatre connect\u00e9(e) pour acc\u00e9der \u00e0 ce contenu.\u00a0En cas de probl\u00e8me de connexion, merci de bien vouloir contacter le webmaster<\/p>\n","protected":false},"author":79,"featured_media":0,"parent":0,"menu_order":0,"comment_status":"closed","ping_status":"closed","template":"","meta":{"ngg_post_thumbnail":0,"footnotes":""},"class_list":["post-809","page","type-page","status-publish","hentry"],"_links":{"self":[{"href":"https:\/\/photoclubibmca.fr\/WP\/wp-json\/wp\/v2\/pages\/809","targetHints":{"allow":["GET"]}}],"collection":[{"href":"https:\/\/photoclubibmca.fr\/WP\/wp-json\/wp\/v2\/pages"}],"about":[{"href":"https:\/\/photoclubibmca.fr\/WP\/wp-json\/wp\/v2\/types\/page"}],"author":[{"embeddable":true,"href":"https:\/\/photoclubibmca.fr\/WP\/wp-json\/wp\/v2\/users\/79"}],"replies":[{"embeddable":true,"href":"https:\/\/photoclubibmca.fr\/WP\/wp-json\/wp\/v2\/comments?post=809"}],"version-history":[{"count":1,"href":"https:\/\/photoclubibmca.fr\/WP\/wp-json\/wp\/v2\/pages\/809\/revisions"}],"predecessor-version":[{"id":16709,"href":"https:\/\/photoclubibmca.fr\/WP\/wp-json\/wp\/v2\/pages\/809\/revisions\/16709"}],"wp:attachment":[{"href":"https:\/\/photoclubibmca.fr\/WP\/wp-json\/wp\/v2\/media?parent=809"}],"curies":[{"name":"wp","href":"https:\/\/api.w.org\/{rel}","templated":true}]}}