{"id":6690,"date":"2022-06-27T10:15:44","date_gmt":"2022-06-27T08:15:44","guid":{"rendered":"https:\/\/photoclublge.fr\/WP\/?page_id=6690"},"modified":"2024-04-02T17:26:02","modified_gmt":"2024-04-02T15:26:02","slug":"concours-national-ibm-2023","status":"publish","type":"page","link":"https:\/\/photoclubibmca.fr\/WP\/concours-national-ibm-2023\/","title":{"rendered":"Concours national IBM 2023"},"content":{"rendered":"<p style=\"text-align: center;\">Le 73\u00e8me Concours national IBM sera organis\u00e9 par le Photo Club IBM Lille (\u00e0 confirmer et dates \u00e0 pr\u00e9ciser ult\u00e9rieurement). Les d\u00e9tails seront communiqu\u00e9s d\u00e8s que possible.<\/p>\n<p style=\"text-align: center;\">Les concours papier et images projet\u00e9es sont ouverts aux membres des <strong><span style=\"text-decoration: underline;\">seuls clubs photo IBM<\/span><\/strong>.<\/p>\n<p style=\"text-align: center;\">Le 31\u00e8me crit\u00e9rium sera ouvert aux membres des clubs photo IBM, aux clubs photo et photographes individuels de la r\u00e9gion du club organisateur. Il couvre 2 sujets (N&amp;B et couleur) parmi les sujets propos\u00e9s.<\/p>\n<p style=\"text-align: center;\">Programme de la manifestation \u00e0 suivre (\u00e0 l&rsquo;attention des clubs et photographes r\u00e9gionaux)<\/p>\n<h2>Sujets des concours<\/h2>\n<h3>Concours papier<\/h3>\n<ul>\n<li><strong>Monochrome<\/strong><\/li>\n<\/ul>\n<p style=\"padding-left: 60px;\">Seul au monde<br>Tendresse<br>Sujet Libre<br>Concours d&rsquo;Auteur (4 \u00e0 7 photos)<\/p>\n<ul>\n<li><strong>Couleur<\/strong><\/li>\n<\/ul>\n<p style=\"padding-left: 60px;\">Architecture<br>Jaune et bleu<br>Sujet Libre<br>Concours d&rsquo;Auteur (4 \u00e0 7 photos)<\/p>\n<h3>\u00a9 Crit\u00e9rium<\/h3>\n<ul>\n<li><strong>Monochrome<\/strong><\/li>\n<\/ul>\n<p style=\"padding-left: 60px;\">Au ras du sol<\/p>\n<ul>\n<li><strong>Couleur<\/strong><\/li>\n<\/ul>\n<p style=\"padding-left: 60px;\">A la recherche du triangle<\/p>\n<h5 style=\"padding-left: 30px;\">\u00c9v\u00e9nement et agenda \u00e0 suivre<\/h5>\n<h3>Concours images projet\u00e9es<\/h3>\n<p style=\"padding-left: 60px;\">Sujet libre<br>Quadrimage<br>Diaporama<\/p>\n<h2>R\u00e8glements des concours<\/h2>\n<p>Version 2022 reconduite en 2023 (sauf information contraire et sous r\u00e9serves de modifications par le club organisateur)<\/p>\n<p style=\"padding-left: 60px;\"><a href=\"http:\/\/photoclub-ibm.fr\/concours\/reglement-general\/\" target=\"_blank\" rel=\"noopener noreferrer\">Concours papier et images projet\u00e9es<\/a><br><a href=\"http:\/\/photoclub-ibm.fr\/concours\/reglement-criterium\/\" target=\"_blank\" rel=\"noopener noreferrer\">Crit\u00e9rium 2022 &amp; bordereaux<\/a><\/p>\n\n\n<figure class=\"wp-block-image size-large\"><a href=\"https:\/\/photoclublge.fr\/WP\/wp-content\/uploads\/2022\/06\/image-3.png\"><img loading=\"lazy\" decoding=\"async\" width=\"852\" height=\"355\" src=\"https:\/\/photoclublge.fr\/WP\/wp-content\/uploads\/2022\/06\/image-3.png\" alt=\"\" class=\"wp-image-6693\" srcset=\"https:\/\/photoclubibmca.fr\/WP\/wp-content\/uploads\/2022\/06\/image-3.png 852w, https:\/\/photoclubibmca.fr\/WP\/wp-content\/uploads\/2022\/06\/image-3-300x125.png 300w, https:\/\/photoclubibmca.fr\/WP\/wp-content\/uploads\/2022\/06\/image-3-768x320.png 768w, https:\/\/photoclubibmca.fr\/WP\/wp-content\/uploads\/2022\/06\/image-3-624x260.png 624w\" sizes=\"auto, (max-width: 852px) 100vw, 852px\" \/><\/a><\/figure>\n\n\n\n<p class=\"has-text-align-center\">TIP: Cliquez et prenez en photo ce tableau afin de l&rsquo;avoir avec vous (smartphone, APN). <\/p>\n","protected":false},"excerpt":{"rendered":"<p>Le 73\u00e8me Concours national IBM sera organis\u00e9 par le Photo Club IBM Lille (\u00e0 confirmer et dates \u00e0 pr\u00e9ciser ult\u00e9rieurement). Les d\u00e9tails seront communiqu\u00e9s d\u00e8s que possible. Les concours papier&#8230; <a href=\"https:\/\/photoclubibmca.fr\/WP\/concours-national-ibm-2023\/\">Read more &raquo;<\/a><\/p>\n","protected":false},"author":79,"featured_media":0,"parent":0,"menu_order":250,"comment_status":"closed","ping_status":"closed","template":"","meta":{"ngg_post_thumbnail":0,"footnotes":""},"class_list":["post-6690","page","type-page","status-publish","hentry"],"_links":{"self":[{"href":"https:\/\/photoclubibmca.fr\/WP\/wp-json\/wp\/v2\/pages\/6690","targetHints":{"allow":["GET"]}}],"collection":[{"href":"https:\/\/photoclubibmca.fr\/WP\/wp-json\/wp\/v2\/pages"}],"about":[{"href":"https:\/\/photoclubibmca.fr\/WP\/wp-json\/wp\/v2\/types\/page"}],"author":[{"embeddable":true,"href":"https:\/\/photoclubibmca.fr\/WP\/wp-json\/wp\/v2\/users\/79"}],"replies":[{"embeddable":true,"href":"https:\/\/photoclubibmca.fr\/WP\/wp-json\/wp\/v2\/comments?post=6690"}],"version-history":[{"count":0,"href":"https:\/\/photoclubibmca.fr\/WP\/wp-json\/wp\/v2\/pages\/6690\/revisions"}],"wp:attachment":[{"href":"https:\/\/photoclubibmca.fr\/WP\/wp-json\/wp\/v2\/media?parent=6690"}],"curies":[{"name":"wp","href":"https:\/\/api.w.org\/{rel}","templated":true}]}}