{"id":6534,"date":"2022-03-27T13:02:56","date_gmt":"2022-03-27T11:02:56","guid":{"rendered":"https:\/\/photoclublge.fr\/WP\/?page_id=6534"},"modified":"2024-04-02T17:26:02","modified_gmt":"2024-04-02T15:26:02","slug":"concours-national-ibm-2022","status":"publish","type":"page","link":"https:\/\/photoclubibmca.fr\/WP\/concours-national-ibm-2022\/","title":{"rendered":"Concours national IBM 2022"},"content":{"rendered":"<p style=\"text-align: center;\">Le 72\u00e8me Concours national IBM sera organis\u00e9 par le Photo Club IBM Paris du 27 au 29 mai 2022 au Plessis-Robinson. Les d\u00e9tails seront communiqu\u00e9s d\u00e8s que possible.<\/p>\n<p style=\"text-align: center;\">Les concours papier et images projet\u00e9es sont ouverts aux membres des <strong><span style=\"text-decoration: underline;\">seuls clubs photo IBM<\/span><\/strong>.<\/p>\n<p style=\"text-align: center;\">Le 30\u00e8me crit\u00e9rium sera ouvert aux membres des clubs photo IBM, aux clubs photo et photographes individuels de la r\u00e9gion parisienne. Il couvre 2 sujets (N&amp;B et couleur) parmi les 10 sujets propos\u00e9s.<\/p>\n<p style=\"text-align: center;\">Programme de la manifestation \u00e0 suivre (\u00e0 l&rsquo;attention des clubs et photographes r\u00e9gionaux)<\/p>\n<h2>Sujets des concours<\/h2>\n<h3>Concours papier<\/h3>\n<ul>\n<li><strong>Monochrome<\/strong><\/li>\n<\/ul>\n<p style=\"padding-left: 60px;\">Sym\u00e9trie<br \/>\nPaysages Industriels<br \/>\nSujet Libre<br \/>\nConcours d&rsquo;Auteur (4 \u00e0 7 photos)<\/p>\n<ul>\n<li><strong>Couleur<\/strong><\/li>\n<\/ul>\n<p style=\"padding-left: 60px;\">Au Bord de l&rsquo;Eau<br \/>\nLe Sport et son Entourage<br \/>\nSujet Libre<br \/>\nConcours d&rsquo;Auteur (4 \u00e0 7 photos)<\/p>\n<h3>\u00a9 Crit\u00e9rium<\/h3>\n<ul>\n<li><strong>Monochrome<\/strong><\/li>\n<\/ul>\n<p style=\"padding-left: 60px;\">\u00a9 Le Monde de L&rsquo;Enfance \u00a9<\/p>\n<ul>\n<li><strong>Couleur<\/strong><\/li>\n<\/ul>\n<p style=\"padding-left: 60px;\">\u00a9 De Dos \u00a9<\/p>\n<h5 style=\"padding-left: 30px;\">\u00c9v\u00e9nement et agenda \u00e0 suivre<\/h5>\n<h3>Concours images projet\u00e9es<\/h3>\n<p style=\"padding-left: 60px;\">Sujet libre<br \/>\nQuadrimage<br \/>\nDiaporama<\/p>\n<h2>R\u00e8glements des concours<\/h2>\n<p>Version 2021 reconduite en 2022 (sauf information contraire et sous r\u00e9serves de modifications par le club organisateur)<\/p>\n<p style=\"padding-left: 60px;\"><a href=\"http:\/\/photoclub-ibm.fr\/concours\/reglement-general\/\" target=\"_blank\" rel=\"noopener noreferrer\">Concours papier et images projet\u00e9es<\/a><br \/>\n<a href=\"http:\/\/photoclub-ibm.fr\/concours\/reglement-criterium\/\" target=\"_blank\" rel=\"noopener noreferrer\">Crit\u00e9rium 2022 &amp; bordereaux<\/a><\/p>\n","protected":false},"excerpt":{"rendered":"<p>Le 72\u00e8me Concours national IBM sera organis\u00e9 par le Photo Club IBM Paris du 27 au 29 mai 2022 au Plessis-Robinson. Les d\u00e9tails seront communiqu\u00e9s d\u00e8s que possible. Les concours&#8230; <a href=\"https:\/\/photoclubibmca.fr\/WP\/concours-national-ibm-2022\/\">Read more &raquo;<\/a><\/p>\n","protected":false},"author":79,"featured_media":0,"parent":0,"menu_order":250,"comment_status":"closed","ping_status":"closed","template":"","meta":{"ngg_post_thumbnail":0,"footnotes":""},"class_list":["post-6534","page","type-page","status-publish","hentry"],"_links":{"self":[{"href":"https:\/\/photoclubibmca.fr\/WP\/wp-json\/wp\/v2\/pages\/6534","targetHints":{"allow":["GET"]}}],"collection":[{"href":"https:\/\/photoclubibmca.fr\/WP\/wp-json\/wp\/v2\/pages"}],"about":[{"href":"https:\/\/photoclubibmca.fr\/WP\/wp-json\/wp\/v2\/types\/page"}],"author":[{"embeddable":true,"href":"https:\/\/photoclubibmca.fr\/WP\/wp-json\/wp\/v2\/users\/79"}],"replies":[{"embeddable":true,"href":"https:\/\/photoclubibmca.fr\/WP\/wp-json\/wp\/v2\/comments?post=6534"}],"version-history":[{"count":0,"href":"https:\/\/photoclubibmca.fr\/WP\/wp-json\/wp\/v2\/pages\/6534\/revisions"}],"wp:attachment":[{"href":"https:\/\/photoclubibmca.fr\/WP\/wp-json\/wp\/v2\/media?parent=6534"}],"curies":[{"name":"wp","href":"https:\/\/api.w.org\/{rel}","templated":true}]}}