{"id":306,"date":"2016-03-12T17:31:17","date_gmt":"2016-03-12T16:31:17","guid":{"rendered":"http:\/\/photoclublge.fr\/WP\/?page_id=306"},"modified":"2025-01-31T18:58:49","modified_gmt":"2025-01-31T17:58:49","slug":"impression","status":"publish","type":"page","link":"https:\/\/photoclubibmca.fr\/WP\/impression\/","title":{"rendered":"Impression"},"content":{"rendered":"<p>Le club poss\u00e8de une imprimante Canon Prograf Pro 2600 situ\u00e9e dans les locaux de Nice M\u00e9ridia.<\/p>\n<p>Cette imprimante permet des tirages sur des papiers sp\u00e9ciaux \/ \u00e9pais beaux-arts (y compris toile Canvas) et de grande taille (jusqu&rsquo;\u00e0 60 cm par 3 m\u00e8tres).<\/p>\n<p>Son utilisation est r\u00e9serv\u00e9e en priorit\u00e9 aux tirages destin\u00e9s aux concours et en particulier au concours annuel IBM<\/p>\n<p>Pour une utilisation personnelle, il faut au pr\u00e9alable <a href=\"https:\/\/photoclubibmca.fr\/WP\/demande-dutilisation-de-limprimante\/\">contacter le responsable \u00ab\u00a0Impressions\u00a0\u00bb,<\/a><\/p>\n<p>Les consommations sont enregistr\u00e9es par compte et une facturation trimestrielle est pr\u00e9par\u00e9e et envoy\u00e9e par <strong>Christophe Dentinger<\/strong>) , Le r\u00e8glement se fait par ch\u00e8que \u00e0 l&rsquo;ordre du \u00ab\u00a0Photo Club IBM C\u00f4te d&rsquo;Azur\u00a0\u00bb ,<\/p>\n","protected":false},"excerpt":{"rendered":"<p>Le club poss\u00e8de une imprimante Canon Prograf Pro 2600 situ\u00e9e dans les locaux de Nice M\u00e9ridia. Cette imprimante permet des tirages sur des papiers sp\u00e9ciaux \/ \u00e9pais beaux-arts (y compris&#8230; <a href=\"https:\/\/photoclubibmca.fr\/WP\/impression\/\">Read more &raquo;<\/a><\/p>\n","protected":false},"author":79,"featured_media":0,"parent":0,"menu_order":210,"comment_status":"closed","ping_status":"closed","template":"","meta":{"ngg_post_thumbnail":0,"footnotes":""},"class_list":["post-306","page","type-page","status-publish","hentry"],"_links":{"self":[{"href":"https:\/\/photoclubibmca.fr\/WP\/wp-json\/wp\/v2\/pages\/306","targetHints":{"allow":["GET"]}}],"collection":[{"href":"https:\/\/photoclubibmca.fr\/WP\/wp-json\/wp\/v2\/pages"}],"about":[{"href":"https:\/\/photoclubibmca.fr\/WP\/wp-json\/wp\/v2\/types\/page"}],"author":[{"embeddable":true,"href":"https:\/\/photoclubibmca.fr\/WP\/wp-json\/wp\/v2\/users\/79"}],"replies":[{"embeddable":true,"href":"https:\/\/photoclubibmca.fr\/WP\/wp-json\/wp\/v2\/comments?post=306"}],"version-history":[{"count":1,"href":"https:\/\/photoclubibmca.fr\/WP\/wp-json\/wp\/v2\/pages\/306\/revisions"}],"predecessor-version":[{"id":16812,"href":"https:\/\/photoclubibmca.fr\/WP\/wp-json\/wp\/v2\/pages\/306\/revisions\/16812"}],"wp:attachment":[{"href":"https:\/\/photoclubibmca.fr\/WP\/wp-json\/wp\/v2\/media?parent=306"}],"curies":[{"name":"wp","href":"https:\/\/api.w.org\/{rel}","templated":true}]}}