{"id":299,"date":"2016-03-12T11:08:11","date_gmt":"2016-03-12T10:08:11","guid":{"rendered":"http:\/\/photoclublge.fr\/WP\/?page_id=299"},"modified":"2025-01-31T19:00:52","modified_gmt":"2025-01-31T18:00:52","slug":"foire-aux-questions","status":"publish","type":"page","link":"https:\/\/photoclubibmca.fr\/WP\/foire-aux-questions\/","title":{"rendered":"Foire aux questions"},"content":{"rendered":"<p>Pour poser vos questions ou apporter des r\u00e9ponses, merci d&rsquo;utiliser le <a href=\"https:\/\/photoclubibmca.fr\/WP\/foire-aux-questions\/formulaire-foire-aux-questions\/\">formulaire<\/a>&nbsp;.<\/p>\n<div class=\"faqwd_conteiner \"> <div class=\"faqwd_search\">\r\n                    <input type=\"text\" class=\"faqwd_search_input\"\/>\r\n                    <div class=\"faqwd_search_button\"><\/div>\r\n                <\/div><input type=\"hidden\" class=\"faqwd_search_text1\" value=\"Aucun r\u00e9sultat\" \/><input type=\"hidden\" class=\"faqwd_search_text2\" value=\"Le crit\u00e8re de recherche ne doit contenir que des lettres et des chiffres\" \/><input type=\"hidden\" class=\"faqwd_search_text3\" value=\"R\u00e9sultat de la recherche\" \/><div  class=\"faqwd_categories\"><ul class=\"faqwd_categories_ul\"> <li class=\"faqwd_categories_li faqwd_category_id_56\" data-catid=\"56\">1. Mat\u00e9riel <li class=\"faqwd_categories_li faqwd_category_id_57\" data-catid=\"57\">2. Logiciel <li class=\"faqwd_categories_li faqwd_category_id_58\" data-catid=\"58\">3. Prise de vue <li class=\"faqwd_categories_li faqwd_category_id_59\" data-catid=\"59\">4. Services du club <li class=\"faqwd_categories_li faqwd_category_id_60\" data-catid=\"60\">5. Divers<\/li><\/ul><\/div><div class=\"faqwd_expand_collapse\">\r\n    <span class=\"faqwd_expand\">D\u00e9velopper tout<\/span>    \r\n        <span class=\"faqwd_hidden\">|<\/span>\r\n    <span class=\"faqwd_collapse\">R\u00e9duire tout<\/span>\r\n    <\/div><div class=\"faqwd_questions\"><div class=\"faqwd_cat_57 faqwd_cat faqwd_hidden\"><ul class=\"faqwd_questions_ul\"><li class=\"faqwd_question_li expanded faqwd_qustion_li_57_16555\"><div class=\"faqwd_question_title_container\" data-faqid=57_16555> <div class=\"faqwd_question_title\"> <span class=\"faqwd_quest_numbering\">1. <\/span><span class=\"faqwd_post_title\" id=\"57_16555\">Qu'appelle-t'on IA g\u00e9n\u00e9rative ?<\/span><\/div><div class=\"before20\"><span class=\"arr\">&nbsp;<\/span><\/div><\/div><div class=\"faqwd_question_content faqwd_question_57_16555\"><div class=\"faqwd_answer_container\"><div class=\"faqwd_post_info\"><span class=\"faqwd_date\">06.01.25<\/span><\/div><div class=\"faqwd_answer\"><p>L'<strong>IA g\u00e9n\u00e9rative<\/strong> (Intelligence Artificielle g\u00e9n\u00e9rative) d\u00e9signe un type d'intelligence artificielle capable de cr\u00e9er du contenu nouveau, qu'il s'agisse de texte, d'images, de musique, de vid\u00e9o, de code informatique, etc. Contrairement \u00e0 des mod\u00e8les d'IA classiques, qui se contentent de traiter ou d'analyser des donn\u00e9es existantes, l'IA g\u00e9n\u00e9rative a pour fonction de produire des \u00e9l\u00e9ments originaux en se basant sur des mod\u00e8les statistiques et des algorithmes d'apprentissage automatique.<\/p>\n<p>Les mod\u00e8les g\u00e9n\u00e9ratifs sont entra\u00een\u00e9s sur d'\u00e9normes quantit\u00e9s de donn\u00e9es. Ils apprennent \u00e0 en capter les structures, les styles et les caract\u00e9ristiques pour g\u00e9n\u00e9rer des contenus nouveaux et r\u00e9alistes.<\/p>\n<ul>\n<li><span style=\"font-size: 1rem;\">Dans le cas du texte, un mod\u00e8le g\u00e9n\u00e9ratif peut r\u00e9diger des articles, des histoires ou des po\u00e8mes.<\/span><\/li>\n<li>Pour les images, il peut cr\u00e9er des illustrations, des photos r\u00e9alistes ou m\u00eame des \u0153uvres d'art.<\/li>\n<li>En musique, il peut composer de nouvelles m\u00e9lodies ou orchestrations.<\/li>\n<\/ul>\n<p>En r\u00e9sum\u00e9, l'IA g\u00e9n\u00e9rative permet de cr\u00e9er du contenu nouveau en se basant sur des principes statistiques et des mod\u00e8les d'apprentissage, offrant ainsi des possibilit\u00e9s cr\u00e9atives dans de nombreux domaines.<\/p>\n<\/div><div class=\"faqwd_question_options\"><span class=\"faqwd_viewed\" >Vu\r\n                                        <span class=\"faqwd_count_hits_16555\">97<\/span>fois<\/span><\/div><\/div><\/div><\/li ><\/ul > <\/div > <\/div><script>\r\n        jQuery(function () {\r\n          aj_comp();\r\n        });\r\n      <\/script><div class=\"faqwd_pagination\"><\/div><\/div>\n","protected":false},"excerpt":{"rendered":"<p>Pour poser vos questions ou apporter des r\u00e9ponses, merci d&rsquo;utiliser le formulaire&nbsp;.<\/p>\n","protected":false},"author":79,"featured_media":0,"parent":0,"menu_order":240,"comment_status":"closed","ping_status":"closed","template":"","meta":{"ngg_post_thumbnail":0,"footnotes":""},"class_list":["post-299","page","type-page","status-publish","hentry"],"_links":{"self":[{"href":"https:\/\/photoclubibmca.fr\/WP\/wp-json\/wp\/v2\/pages\/299","targetHints":{"allow":["GET"]}}],"collection":[{"href":"https:\/\/photoclubibmca.fr\/WP\/wp-json\/wp\/v2\/pages"}],"about":[{"href":"https:\/\/photoclubibmca.fr\/WP\/wp-json\/wp\/v2\/types\/page"}],"author":[{"embeddable":true,"href":"https:\/\/photoclubibmca.fr\/WP\/wp-json\/wp\/v2\/users\/79"}],"replies":[{"embeddable":true,"href":"https:\/\/photoclubibmca.fr\/WP\/wp-json\/wp\/v2\/comments?post=299"}],"version-history":[{"count":2,"href":"https:\/\/photoclubibmca.fr\/WP\/wp-json\/wp\/v2\/pages\/299\/revisions"}],"predecessor-version":[{"id":16814,"href":"https:\/\/photoclubibmca.fr\/WP\/wp-json\/wp\/v2\/pages\/299\/revisions\/16814"}],"wp:attachment":[{"href":"https:\/\/photoclubibmca.fr\/WP\/wp-json\/wp\/v2\/media?parent=299"}],"curies":[{"name":"wp","href":"https:\/\/api.w.org\/{rel}","templated":true}]}}