{"id":2317,"date":"2021-06-27T18:08:06","date_gmt":"2021-06-27T16:08:06","guid":{"rendered":"http:\/\/photoclublge.fr\/WP\/?page_id=2317"},"modified":"2024-04-02T17:25:57","modified_gmt":"2024-04-02T15:25:57","slug":"contact-test","status":"publish","type":"page","link":"https:\/\/photoclubibmca.fr\/WP\/contact-test\/","title":{"rendered":"Contact-test"},"content":{"rendered":"<p style=\"text-align: center;\">Vos commentaires ou questions sont les bienvenus. Une mise \u00e0 jour \u00e0 proposer ou signaler ? N&rsquo;h\u00e9sitez pas.<\/p>\n<p style=\"text-align: center;\"><p class=\"wpcf7-contact-form-not-found\"><strong>Erreur\u00a0:<\/strong> Formulaire de contact non trouv\u00e9\u00a0!<\/p><\/p>\n","protected":false},"excerpt":{"rendered":"<p>Vos commentaires ou questions sont les bienvenus. Une mise \u00e0 jour \u00e0 proposer ou signaler ? N&rsquo;h\u00e9sitez pas.<\/p>\n","protected":false},"author":79,"featured_media":0,"parent":0,"menu_order":20,"comment_status":"closed","ping_status":"closed","template":"","meta":{"ngg_post_thumbnail":0,"footnotes":""},"class_list":["post-2317","page","type-page","status-publish","hentry"],"_links":{"self":[{"href":"https:\/\/photoclubibmca.fr\/WP\/wp-json\/wp\/v2\/pages\/2317","targetHints":{"allow":["GET"]}}],"collection":[{"href":"https:\/\/photoclubibmca.fr\/WP\/wp-json\/wp\/v2\/pages"}],"about":[{"href":"https:\/\/photoclubibmca.fr\/WP\/wp-json\/wp\/v2\/types\/page"}],"author":[{"embeddable":true,"href":"https:\/\/photoclubibmca.fr\/WP\/wp-json\/wp\/v2\/users\/79"}],"replies":[{"embeddable":true,"href":"https:\/\/photoclubibmca.fr\/WP\/wp-json\/wp\/v2\/comments?post=2317"}],"version-history":[{"count":0,"href":"https:\/\/photoclubibmca.fr\/WP\/wp-json\/wp\/v2\/pages\/2317\/revisions"}],"wp:attachment":[{"href":"https:\/\/photoclubibmca.fr\/WP\/wp-json\/wp\/v2\/media?parent=2317"}],"curies":[{"name":"wp","href":"https:\/\/api.w.org\/{rel}","templated":true}]}}