{"id":216,"date":"2016-03-07T12:19:51","date_gmt":"2016-03-07T11:19:51","guid":{"rendered":"http:\/\/photoclublge.fr\/WP\/?page_id=216"},"modified":"2026-03-18T21:26:11","modified_gmt":"2026-03-18T20:26:11","slug":"formulaire-de-reservation-de-materiel","status":"publish","type":"page","link":"https:\/\/photoclubibmca.fr\/WP\/pret-de-materiel\/formulaire-de-reservation-de-materiel\/","title":{"rendered":"Formulaire de r\u00e9servation de mat\u00e9riel"},"content":{"rendered":"<p><span class=\"wppb-frontend-restriction-message wppb-content-restriction-message\">Vous devez \u00eatre connect\u00e9(e) pour acc\u00e9der \u00e0 ce contenu.\u00a0En cas de probl\u00e8me de connexion, merci de bien vouloir contacter le <a href=\"https:\/\/photoclublge.fr\/WP\/contact-2\/\" target=\"_blank\" rel=\"noopener\">webmaster<\/a><\/span><\/p>\n","protected":false},"excerpt":{"rendered":"<p>Vous devez \u00eatre connect\u00e9(e) pour acc\u00e9der \u00e0 ce contenu.\u00a0En cas de probl\u00e8me de connexion, merci de bien vouloir contacter le webmaster<\/p>\n","protected":false},"author":79,"featured_media":0,"parent":207,"menu_order":202,"comment_status":"closed","ping_status":"closed","template":"","meta":{"ngg_post_thumbnail":0,"footnotes":""},"class_list":["post-216","page","type-page","status-publish","hentry"],"_links":{"self":[{"href":"https:\/\/photoclubibmca.fr\/WP\/wp-json\/wp\/v2\/pages\/216","targetHints":{"allow":["GET"]}}],"collection":[{"href":"https:\/\/photoclubibmca.fr\/WP\/wp-json\/wp\/v2\/pages"}],"about":[{"href":"https:\/\/photoclubibmca.fr\/WP\/wp-json\/wp\/v2\/types\/page"}],"author":[{"embeddable":true,"href":"https:\/\/photoclubibmca.fr\/WP\/wp-json\/wp\/v2\/users\/79"}],"replies":[{"embeddable":true,"href":"https:\/\/photoclubibmca.fr\/WP\/wp-json\/wp\/v2\/comments?post=216"}],"version-history":[{"count":5,"href":"https:\/\/photoclubibmca.fr\/WP\/wp-json\/wp\/v2\/pages\/216\/revisions"}],"predecessor-version":[{"id":18035,"href":"https:\/\/photoclubibmca.fr\/WP\/wp-json\/wp\/v2\/pages\/216\/revisions\/18035"}],"up":[{"embeddable":true,"href":"https:\/\/photoclubibmca.fr\/WP\/wp-json\/wp\/v2\/pages\/207"}],"wp:attachment":[{"href":"https:\/\/photoclubibmca.fr\/WP\/wp-json\/wp\/v2\/media?parent=216"}],"curies":[{"name":"wp","href":"https:\/\/api.w.org\/{rel}","templated":true}]}}