{"id":185,"date":"2016-03-06T18:14:37","date_gmt":"2016-03-06T17:14:37","guid":{"rendered":"http:\/\/photoclublge.fr\/WP\/?page_id=185"},"modified":"2025-01-31T18:50:12","modified_gmt":"2025-01-31T17:50:12","slug":"services","status":"publish","type":"page","link":"https:\/\/photoclubibmca.fr\/WP\/le-club\/services\/","title":{"rendered":"Services"},"content":{"rendered":"<p>Les membres du club b\u00e9n\u00e9ficient des services suivants :<\/p>\n<p><strong>Pr\u00eat de mat\u00e9riel<\/strong><\/p>\n<p>Mat\u00e9riel de prise de vue Canon, Nikon, Sony et Fuji (bo\u00eetiers, objectifs, accessoires&#8230;), \u00e9clairage de studio, mat\u00e9riel informatique (scanners, calibreurs pour \u00e9cran et imprimante).<\/p>\n<p><strong>Service d&rsquo;impression<\/strong><\/p>\n<p>Le club poss\u00e8de une imprimante Canon Prograf Pro 2600 (qui a remplac\u00e9 en 2024 l&rsquo;ancienne Canon iPF6400) permettant des tirages jusqu&rsquo;\u00e0 61 cm de large (24 pouces).<\/p>\n<p><del><strong>Circulation de revues<\/strong><\/del><\/p>\n<p><del>Le club est abonn\u00e9 \u00e0 plusieurs revues que les membres peuvent emprunter.<\/del><\/p>\n","protected":false},"excerpt":{"rendered":"<p>Les membres du club b\u00e9n\u00e9ficient des services suivants : Pr\u00eat de mat\u00e9riel Mat\u00e9riel de prise de vue Canon, Nikon, Sony et Fuji (bo\u00eetiers, objectifs, accessoires&#8230;), \u00e9clairage de studio, mat\u00e9riel informatique&#8230; <a href=\"https:\/\/photoclubibmca.fr\/WP\/le-club\/services\/\">Read more &raquo;<\/a><\/p>\n","protected":false},"author":79,"featured_media":0,"parent":124,"menu_order":12,"comment_status":"closed","ping_status":"closed","template":"","meta":{"ngg_post_thumbnail":0,"footnotes":""},"class_list":["post-185","page","type-page","status-publish","hentry"],"_links":{"self":[{"href":"https:\/\/photoclubibmca.fr\/WP\/wp-json\/wp\/v2\/pages\/185","targetHints":{"allow":["GET"]}}],"collection":[{"href":"https:\/\/photoclubibmca.fr\/WP\/wp-json\/wp\/v2\/pages"}],"about":[{"href":"https:\/\/photoclubibmca.fr\/WP\/wp-json\/wp\/v2\/types\/page"}],"author":[{"embeddable":true,"href":"https:\/\/photoclubibmca.fr\/WP\/wp-json\/wp\/v2\/users\/79"}],"replies":[{"embeddable":true,"href":"https:\/\/photoclubibmca.fr\/WP\/wp-json\/wp\/v2\/comments?post=185"}],"version-history":[{"count":1,"href":"https:\/\/photoclubibmca.fr\/WP\/wp-json\/wp\/v2\/pages\/185\/revisions"}],"predecessor-version":[{"id":16806,"href":"https:\/\/photoclubibmca.fr\/WP\/wp-json\/wp\/v2\/pages\/185\/revisions\/16806"}],"up":[{"embeddable":true,"href":"https:\/\/photoclubibmca.fr\/WP\/wp-json\/wp\/v2\/pages\/124"}],"wp:attachment":[{"href":"https:\/\/photoclubibmca.fr\/WP\/wp-json\/wp\/v2\/media?parent=185"}],"curies":[{"name":"wp","href":"https:\/\/api.w.org\/{rel}","templated":true}]}}