{"id":1805,"date":"2019-11-28T17:32:35","date_gmt":"2019-11-28T16:32:35","guid":{"rendered":"http:\/\/photoclublge.fr\/WP\/?page_id=1805"},"modified":"2025-01-29T15:29:52","modified_gmt":"2025-01-29T14:29:52","slug":"document-prive-merci-de-vous-connecter","status":"publish","type":"page","link":"https:\/\/photoclubibmca.fr\/WP\/document-prive-merci-de-vous-connecter\/","title":{"rendered":"Document priv\u00e9 ou d\u00e9sactiv\u00e9"},"content":{"rendered":"\n<p class=\"has-text-align-center\">Vous devez vous connecter avec votre identifiant club avant de pouvoir acc\u00e9der aux documents r\u00e9serv\u00e9s aux membres. Cliquer sur le menu <a href=\"https:\/\/photoclubibmca.fr\/WP\/\">Accueil<\/a> pour acc\u00e9der \u00e0 la page d&rsquo;accueil et au formulaire de connexion en colonne de gauche.<\/p>\n\n\n\n<p class=\"has-text-align-center\">Si votre identifiant est valide &#8211; membre \u00e0 jour de cotisation &#8211; et que vous \u00eates bien connect\u00e9, il se peut \u00e9galement que le document ou formulaire ait \u00e9t\u00e9 d\u00e9sactiv\u00e9 temporairement ou m\u00eame supprim\u00e9. Vous pouvez le signaler au webmaster en utilisant le formulaire de <a href=\"https:\/\/photoclubibmca.fr\/WP\/contact-2\/\" target=\"_blank\" rel=\"noreferrer noopener\">contact<\/a> (le lien figure \u00e9galement dans le menu en haut de page).<\/p>\n\n\n\n<p class=\"has-text-align-center\"><\/p>\n","protected":false},"excerpt":{"rendered":"<p>Vous devez vous connecter avec votre identifiant club avant de pouvoir acc\u00e9der aux documents r\u00e9serv\u00e9s aux membres. Cliquer sur le menu Accueil pour acc\u00e9der \u00e0 la page d&rsquo;accueil et au&#8230; <a href=\"https:\/\/photoclubibmca.fr\/WP\/document-prive-merci-de-vous-connecter\/\">Read more &raquo;<\/a><\/p>\n","protected":false},"author":79,"featured_media":0,"parent":0,"menu_order":0,"comment_status":"closed","ping_status":"closed","template":"page-templates\/full-width.php","meta":{"ngg_post_thumbnail":0,"footnotes":""},"class_list":["post-1805","page","type-page","status-publish","hentry"],"_links":{"self":[{"href":"https:\/\/photoclubibmca.fr\/WP\/wp-json\/wp\/v2\/pages\/1805","targetHints":{"allow":["GET"]}}],"collection":[{"href":"https:\/\/photoclubibmca.fr\/WP\/wp-json\/wp\/v2\/pages"}],"about":[{"href":"https:\/\/photoclubibmca.fr\/WP\/wp-json\/wp\/v2\/types\/page"}],"author":[{"embeddable":true,"href":"https:\/\/photoclubibmca.fr\/WP\/wp-json\/wp\/v2\/users\/79"}],"replies":[{"embeddable":true,"href":"https:\/\/photoclubibmca.fr\/WP\/wp-json\/wp\/v2\/comments?post=1805"}],"version-history":[{"count":1,"href":"https:\/\/photoclubibmca.fr\/WP\/wp-json\/wp\/v2\/pages\/1805\/revisions"}],"predecessor-version":[{"id":16707,"href":"https:\/\/photoclubibmca.fr\/WP\/wp-json\/wp\/v2\/pages\/1805\/revisions\/16707"}],"wp:attachment":[{"href":"https:\/\/photoclubibmca.fr\/WP\/wp-json\/wp\/v2\/media?parent=1805"}],"curies":[{"name":"wp","href":"https:\/\/api.w.org\/{rel}","templated":true}]}}