{"id":17880,"date":"2026-01-18T22:34:32","date_gmt":"2026-01-18T21:34:32","guid":{"rendered":"https:\/\/photoclubibmca.fr\/WP\/?page_id=17880"},"modified":"2026-02-05T15:12:03","modified_gmt":"2026-02-05T14:12:03","slug":"membres-2026","status":"publish","type":"page","link":"https:\/\/photoclubibmca.fr\/WP\/le-club\/membres-2026\/","title":{"rendered":"Membres 2026"},"content":{"rendered":"\n<div class=\"wp-block-group\"><div class=\"wp-block-group__inner-container is-layout-constrained wp-block-group-is-layout-constrained\">\n<div class=\"wp-block-group\"><div class=\"wp-block-group__inner-container is-layout-constrained wp-block-group-is-layout-constrained\">\n<p><strong>Membres du bureau :<\/strong><br><strong>Pr\u00e9sident :<\/strong><br>&nbsp;&nbsp;&nbsp; <a href=\"https:\/\/photoclubibmca.fr\/WP\/contact-2\/?destinataire=Pr\u00e9sident\" target=\"_blank\" rel=\"noopener\">Christian Weber<\/a><br><strong>Secr\u00e9taire \/ Vice-Pr\u00e9sident :<\/strong><br>&nbsp;&nbsp;&nbsp; <a href=\"https:\/\/photoclubibmca.fr\/WP\/contact-2\/?destinataire=Secr\u00e9taire\" target=\"_blank\" rel=\"noopener\">Christophe Dentinger<\/a><br><strong>Tr\u00e9sorier :<\/strong><br>&nbsp;&nbsp;&nbsp;&nbsp;<a href=\"https:\/\/photoclubibmca.fr\/WP\/contact-2\/?destinataire=Tr\u00e9sorier\" target=\"_blank\" rel=\"noopener\">Pascal Thirion<\/a><strong><br>Tr\u00e9sorier adjoint :<\/strong><br>&nbsp;&nbsp;&nbsp;&nbsp;<a href=\"https:\/\/photoclubibmca.fr\/WP\/contact-2\/?destinataire=Tr\u00e9sorier\" target=\"_blank\" rel=\"noopener\">Denis Esteve<\/a><\/p>\n<\/div><\/div>\n<\/div><\/div>\n\n\n\n<p><strong>Membres du CA :<br> Membres du Bureau +<\/strong> <br>&nbsp; &nbsp; Alexandre Bronetsky<br>&nbsp;&nbsp;&nbsp;&nbsp;Marianne Drouet<br>&nbsp;&nbsp;&nbsp;&nbsp;Philippe Favre<br>&nbsp;&nbsp;&nbsp;&nbsp;Nicolas Foy\u00e9<br>&nbsp;&nbsp;&nbsp;&nbsp;Maurice Zanella<\/p>\n\n\n\n<p><strong>Autres r\u00f4les : <\/strong><br><strong>Responsables mat\u00e9riels (r\u00e9servations) <\/strong>: Christian Weber et St\u00e9phane Garcia (site de Nice M\u00e9ridia)<\/p>\n\n\n\n<p>Le club compte 39 membres inscrits en 2026 dont plus d&rsquo;un vingtaine participent \u00e9galement \u00e0 la section \u00ab\u00a0<a href=\"https:\/\/photoclubibmca.fr\/WP\/generation-azur-ia\/\" target=\"_blank\" rel=\"noopener\">G\u00e9n\u00e9ration Azur IA<\/a>\u00ab\u00a0, produisant des images cr\u00e9\u00e9es par une Intelligence Artificielle g\u00e9n\u00e9rative.<\/p>\n","protected":false},"excerpt":{"rendered":"<p>Membres du bureau :Pr\u00e9sident :&nbsp;&nbsp;&nbsp; Christian WeberSecr\u00e9taire \/ Vice-Pr\u00e9sident :&nbsp;&nbsp;&nbsp; Christophe DentingerTr\u00e9sorier :&nbsp;&nbsp;&nbsp;&nbsp;Pascal ThirionTr\u00e9sorier adjoint :&nbsp;&nbsp;&nbsp;&nbsp;Denis Esteve Membres du CA : Membres du Bureau + &nbsp; &nbsp; Alexandre Bronetsky&nbsp;&nbsp;&nbsp;&nbsp;Marianne Drouet&nbsp;&nbsp;&nbsp;&nbsp;Philippe&#8230; <a href=\"https:\/\/photoclubibmca.fr\/WP\/le-club\/membres-2026\/\">Read more &raquo;<\/a><\/p>\n","protected":false},"author":1,"featured_media":0,"parent":124,"menu_order":11,"comment_status":"closed","ping_status":"closed","template":"","meta":{"ngg_post_thumbnail":0,"footnotes":""},"class_list":["post-17880","page","type-page","status-publish","hentry"],"_links":{"self":[{"href":"https:\/\/photoclubibmca.fr\/WP\/wp-json\/wp\/v2\/pages\/17880","targetHints":{"allow":["GET"]}}],"collection":[{"href":"https:\/\/photoclubibmca.fr\/WP\/wp-json\/wp\/v2\/pages"}],"about":[{"href":"https:\/\/photoclubibmca.fr\/WP\/wp-json\/wp\/v2\/types\/page"}],"author":[{"embeddable":true,"href":"https:\/\/photoclubibmca.fr\/WP\/wp-json\/wp\/v2\/users\/1"}],"replies":[{"embeddable":true,"href":"https:\/\/photoclubibmca.fr\/WP\/wp-json\/wp\/v2\/comments?post=17880"}],"version-history":[{"count":4,"href":"https:\/\/photoclubibmca.fr\/WP\/wp-json\/wp\/v2\/pages\/17880\/revisions"}],"predecessor-version":[{"id":17944,"href":"https:\/\/photoclubibmca.fr\/WP\/wp-json\/wp\/v2\/pages\/17880\/revisions\/17944"}],"up":[{"embeddable":true,"href":"https:\/\/photoclubibmca.fr\/WP\/wp-json\/wp\/v2\/pages\/124"}],"wp:attachment":[{"href":"https:\/\/photoclubibmca.fr\/WP\/wp-json\/wp\/v2\/media?parent=17880"}],"curies":[{"name":"wp","href":"https:\/\/api.w.org\/{rel}","templated":true}]}}