{"id":17751,"date":"2025-11-30T11:26:23","date_gmt":"2025-11-30T10:26:23","guid":{"rendered":"https:\/\/photoclubibmca.fr\/WP\/?page_id=17751"},"modified":"2025-11-30T11:26:24","modified_gmt":"2025-11-30T10:26:24","slug":"bibliotheque","status":"publish","type":"page","link":"https:\/\/photoclubibmca.fr\/WP\/bibliotheque\/","title":{"rendered":"Biblioth\u00e8que"},"content":{"rendered":"<div><span class=\"wppb-content-restriction-message\"><p>Vous devez \u00eatre connect\u00e9(e) pour acc\u00e9der \u00e0 ce contenu.\u00a0En cas de probl\u00e8me de connexion, merci de bien vouloir contacter le <a href=\"https:\/\/photoclublge.fr\/WP\/contact-2\/\" target=\"_blank\" rel=\"noopener\">webmaster<\/a><\/p>\n<\/span><\/div>","protected":false},"excerpt":{"rendered":"<p>Vous devez \u00eatre connect\u00e9(e) pour acc\u00e9der \u00e0 ce contenu.\u00a0En cas de probl\u00e8me de connexion, merci de bien vouloir contacter le webmaster<\/p>\n","protected":false},"author":1,"featured_media":0,"parent":0,"menu_order":0,"comment_status":"closed","ping_status":"closed","template":"","meta":{"ngg_post_thumbnail":0,"footnotes":""},"class_list":["post-17751","page","type-page","status-publish","hentry"],"_links":{"self":[{"href":"https:\/\/photoclubibmca.fr\/WP\/wp-json\/wp\/v2\/pages\/17751","targetHints":{"allow":["GET"]}}],"collection":[{"href":"https:\/\/photoclubibmca.fr\/WP\/wp-json\/wp\/v2\/pages"}],"about":[{"href":"https:\/\/photoclubibmca.fr\/WP\/wp-json\/wp\/v2\/types\/page"}],"author":[{"embeddable":true,"href":"https:\/\/photoclubibmca.fr\/WP\/wp-json\/wp\/v2\/users\/1"}],"replies":[{"embeddable":true,"href":"https:\/\/photoclubibmca.fr\/WP\/wp-json\/wp\/v2\/comments?post=17751"}],"version-history":[{"count":1,"href":"https:\/\/photoclubibmca.fr\/WP\/wp-json\/wp\/v2\/pages\/17751\/revisions"}],"predecessor-version":[{"id":17752,"href":"https:\/\/photoclubibmca.fr\/WP\/wp-json\/wp\/v2\/pages\/17751\/revisions\/17752"}],"wp:attachment":[{"href":"https:\/\/photoclubibmca.fr\/WP\/wp-json\/wp\/v2\/media?parent=17751"}],"curies":[{"name":"wp","href":"https:\/\/api.w.org\/{rel}","templated":true}]}}