{"id":17553,"date":"2025-07-30T17:51:48","date_gmt":"2025-07-30T15:51:48","guid":{"rendered":"https:\/\/photoclubibmca.fr\/WP\/?page_id=17553"},"modified":"2025-10-14T16:02:26","modified_gmt":"2025-10-14T14:02:26","slug":"concours-national-ibm-2026","status":"publish","type":"page","link":"https:\/\/photoclubibmca.fr\/WP\/concours-national-ibm-2026\/","title":{"rendered":"Concours national IBM 2026"},"content":{"rendered":"<p style=\"text-align: center;\">Le 76\u00e8me Concours national IBM aura lieu en 2026. Des discussions sont encore en cours pour confirmer le club organisateur.<\/p>\n<p style=\"text-align: center;\">Les concours papier et images projet\u00e9es sont ouverts aux membres des <strong><span style=\"text-decoration: underline;\">seuls clubs photo IBM<\/span><\/strong>.<\/p>\n<p style=\"text-align: center;\">Le 34\u00e8me crit\u00e9rium sera ouvert aux membres des clubs photo IBM, ainsi qu&rsquo;aux clubs photo et photographes individuels de la r\u00e9gion du club organisateur. Il couvre 2 sujets (en N&amp;B et couleur, voir le d\u00e9tail des Crit\u00e9riums ci-dessous).<\/p>\n<p style=\"text-align: center;\">Programme de la manifestation \u00e0 suivre (\u00e0 l&rsquo;attention des clubs et photographes r\u00e9gionaux)<\/p>\n<h2>Sujets des concours<\/h2>\n<h2>* A) <span style=\"text-decoration: underline;\">Concours papier<\/span><\/h2>\n<ul>\n<li style=\"list-style-type: none;\">\n<ul>\n<li style=\"list-style-type: none;\">\n<ul>\n<li>\n<h3>Monochrome<\/h3>\n<\/li>\n<\/ul>\n<\/li>\n<\/ul>\n<\/li>\n<\/ul>\n<pre style=\"padding-left: 140px;\">La ville la nuit<br>Lecture<br>Sujet Libre<br>Concours d'Auteur (de 4 \u00e0 7 photos)<\/pre>\n<ul>\n<li style=\"list-style-type: none;\">\n<ul>\n<li style=\"list-style-type: none;\">\n<ul>\n<li>\n<h3>Couleur<\/h3>\n<\/li>\n<\/ul>\n<\/li>\n<\/ul>\n<\/li>\n<\/ul>\n<pre style=\"padding-left: 140px;\">Face \u00e0 face<br>Flou de boug\u00e9<br>Concours d'Auteur (de 4 \u00e0 7 photos)<\/pre>\n<h3 style=\"padding-left: 40px;\">\u00a9 Crit\u00e9rium (ouvert aux clubs et photographes de la r\u00e9gion du club organisateur)<\/h3>\n<ul>\n<li style=\"list-style-type: none;\">\n<ul>\n<li style=\"list-style-type: none;\">\n<ul>\n<li>\n<p><strong>Monochrome<\/strong><\/p>\n<\/li>\n<\/ul>\n<\/li>\n<\/ul>\n<\/li>\n<\/ul>\n<pre style=\"padding-left: 140px;\">Minimalisme \u00a9<\/pre>\n<ul>\n<li style=\"list-style-type: none;\">\n<ul>\n<li style=\"list-style-type: none;\">\n<ul>\n<li>\n<p><strong>Couleur<\/strong><\/p>\n<\/li>\n<\/ul>\n<\/li>\n<\/ul>\n<\/li>\n<\/ul>\n<pre style=\"padding-left: 140px;\">Portes et\/ou fen\u00eatres \u00a9<\/pre>\n<p>Note: <strong><span style=\"color: #ff0000;\">Pour tous les sujets, les \u00e9l\u00e9ments de la photo propos\u00e9e devront avoir \u00e9t\u00e9 capt\u00e9s par l\u2019auteur<\/span><\/strong>, les montages sont autoris\u00e9s. Les images g\u00e9n\u00e9r\u00e9es par l&rsquo;IA &#8211; Intelligence Artificielle &#8211; ne sont pas autoris\u00e9es.<\/p>\n<h2>* B) <span style=\"text-decoration: underline;\">Concours images projet\u00e9es<\/span><\/h2>\n<pre style=\"padding-left: 140px;\">Sujet libre<br>Quadrimage<br>Diaporama<\/pre>\n<p style=\"padding-left: 40px;\">Note: Le concours Images projet\u00e9es (30 photos par club) est d\u00e9coup\u00e9 en 2 concours depuis 2024 :<br><span style=\"text-decoration: underline;\">&#8211; Concours Photo \u2018conventionnelle\u2019 projet\u00e9e<\/span> &#8211; <span style=\"color: #ff0000;\"><strong><em>IA g\u00e9n\u00e9rative exclue<\/em><\/strong><\/span> \u2013 maximum 20 photos\/club<\/p>\n<p style=\"padding-left: 40px;\">&#8211; <span style=\"text-decoration: underline;\">Concours Images projet\u00e9es Cr\u00e9ativit\u00e9<\/span> &#8211; toutes techniques informatiques autoris\u00e9es dont l&rsquo;IA g\u00e9n\u00e9rative &#8211; maximum 10 photos par club<\/p>\n<p style=\"padding-left: 40px;\"><span style=\"color: initial;\">&#8211; Pour les diaporamas, pas de limite \u00e0 la cr\u00e9ativit\u00e9 et aux outils utilis\u00e9s (c\u2019est de l\u2019audiovisuel).<\/span><\/p>\n<h2>R\u00e8glements des concours<\/h2>\n<p>Version 2022 reconduite en 2026 (sauf information contraire et sous r\u00e9serves de modifications par le club organisateur).<\/p>\n<p style=\"padding-left: 60px;\"><a href=\"http:\/\/photoclub-ibm.fr\/concours\/reglement-general\/\" target=\"_blank\" rel=\"noopener noreferrer\">Concours papier et images projet\u00e9es<\/a><br><a href=\"http:\/\/photoclub-ibm.fr\/concours\/reglement-criterium\/\" target=\"_blank\" rel=\"noopener noreferrer\">Crit\u00e9rium &amp; bordereaux<\/a><\/p>\n\n<div class=\"wp-block-image\">\n<figure class=\"aligncenter size-full\"><img loading=\"lazy\" decoding=\"async\" width=\"574\" height=\"292\" src=\"https:\/\/photoclubibmca.fr\/WP\/wp-content\/uploads\/2025\/10\/image.png\" alt=\"\" class=\"wp-image-17675\" srcset=\"https:\/\/photoclubibmca.fr\/WP\/wp-content\/uploads\/2025\/10\/image.png 574w, https:\/\/photoclubibmca.fr\/WP\/wp-content\/uploads\/2025\/10\/image-480x244.png 480w\" sizes=\"auto, (max-width: 574px) 100vw, 574px\" \/><\/figure>\n<\/div>\n\n\n<p class=\"has-text-align-center has-small-font-size\">TIP: Cliquez pour agrandir et prenez en photo ce tableau afin de l&rsquo;avoir toujours sur vous (smartphone, APN)<br>et pensez \u00e0 prot\u00e9ger la photo contre l&rsquo;effacement.<\/p>\n\n\n\n<h2 class=\"wp-block-heading has-text-align-left\">Pour les membres du Photoclub IBM C\u00f4te d&rsquo;Azur uniquement !<\/h2>\n\n\n\n<p>Plusieurs possibilit\u00e9s pour proposer de nouvelles photos dans les diff\u00e9rents th\u00e8mes.<\/p>\n\n\n\n<p>1 &#8211;<strong> Les apporter avec vous<\/strong> en r\u00e9union \u00ab\u00a0Partages Photographiques\u00a0\u00bb sur cl\u00e9 USB ou les envoyer \u00e0 Christophe Dentinger au plus tard la veille de la r\u00e9union (attention au volume, utiliser de pr\u00e9f\u00e9rence un lien de type WeTransfer\/TransferNow ou autre permettant de r\u00e9cup\u00e9rer les photos qui sont souvent volumineuses et peuvent poser probl\u00e8me quand elles sont envoy\u00e9es par mail). V\u00e9rifier les conditions d&rsquo;usage de ces services au pr\u00e9alable afin de prot\u00e9ger vos documents d&rsquo;une utilisation en dehors du club. Afin de permettre \u00e0 chacun de s&rsquo;exprimer, merci de ne proposer que 10 photos maxi par sujet et par r\u00e9union. Photos en r\u00e9solution maximum SVP !<\/p>\n\n\n\n<p>2 &#8211; <strong>Les d\u00e9poser sur le Google Drive du club<\/strong>, la proc\u00e9dure de connexion et de d\u00e9p\u00f4t est rappel\u00e9e dans tous les comptes-rendus de r\u00e9union \u00ab\u00a0Partages Photographiques\u00a0\u00bb. Indiquer lors de la r\u00e9union que vous pr\u00e9sentez de nouvelles photos. M\u00eames consignes que ci-dessus.<\/p>\n\n\n\n<p>Dans les deux cas, <strong>merci de bien vouloir renommer vos photos suivant la nomenclature club<\/strong>, sans caract\u00e8res accentu\u00e9s, cela fait gagner beaucoup de temps \u00e0 tous les participants et lors du tri des photos : Categorie-<em>&lt;espace><\/em>Sujet-<em>&lt;espace><\/em>Auteur-<em>&lt;espace><\/em>Titre de la photo.jpg (coller les tirets qui servent de s\u00e9parateur).<br><strong>Exemples: <\/strong>Monochrome- Lecture- Prenom Nom- Le titre de ma photo.jpg<br>Couleur- Libre- Prenom Nom- le titre de ma photo .jpg<\/p>\n","protected":false},"excerpt":{"rendered":"<p>Le 76\u00e8me Concours national IBM aura lieu en 2026. Des discussions sont encore en cours pour confirmer le club organisateur. Les concours papier et images projet\u00e9es sont ouverts aux membres&#8230; <a href=\"https:\/\/photoclubibmca.fr\/WP\/concours-national-ibm-2026\/\">Read more &raquo;<\/a><\/p>\n","protected":false},"author":1,"featured_media":0,"parent":0,"menu_order":250,"comment_status":"closed","ping_status":"closed","template":"","meta":{"ngg_post_thumbnail":0,"footnotes":""},"class_list":["post-17553","page","type-page","status-publish","hentry"],"_links":{"self":[{"href":"https:\/\/photoclubibmca.fr\/WP\/wp-json\/wp\/v2\/pages\/17553","targetHints":{"allow":["GET"]}}],"collection":[{"href":"https:\/\/photoclubibmca.fr\/WP\/wp-json\/wp\/v2\/pages"}],"about":[{"href":"https:\/\/photoclubibmca.fr\/WP\/wp-json\/wp\/v2\/types\/page"}],"author":[{"embeddable":true,"href":"https:\/\/photoclubibmca.fr\/WP\/wp-json\/wp\/v2\/users\/1"}],"replies":[{"embeddable":true,"href":"https:\/\/photoclubibmca.fr\/WP\/wp-json\/wp\/v2\/comments?post=17553"}],"version-history":[{"count":3,"href":"https:\/\/photoclubibmca.fr\/WP\/wp-json\/wp\/v2\/pages\/17553\/revisions"}],"predecessor-version":[{"id":17676,"href":"https:\/\/photoclubibmca.fr\/WP\/wp-json\/wp\/v2\/pages\/17553\/revisions\/17676"}],"wp:attachment":[{"href":"https:\/\/photoclubibmca.fr\/WP\/wp-json\/wp\/v2\/media?parent=17553"}],"curies":[{"name":"wp","href":"https:\/\/api.w.org\/{rel}","templated":true}]}}