{"id":17524,"date":"2025-07-17T15:02:47","date_gmt":"2025-07-17T13:02:47","guid":{"rendered":"https:\/\/photoclubibmca.fr\/WP\/?page_id=17524"},"modified":"2025-07-17T16:17:20","modified_gmt":"2025-07-17T14:17:20","slug":"formulaire-de-reservation-du-videoprojecteur-4k","status":"publish","type":"page","link":"https:\/\/photoclubibmca.fr\/WP\/pret-de-materiel\/formulaire-de-reservation-du-videoprojecteur-4k\/","title":{"rendered":"Formulaire de r\u00e9servation du vid\u00e9oprojecteur 4K"},"content":{"rendered":"<p style=\"text-align: center;\">Cette demande de r\u00e9servation est soumise \u00e0 l&rsquo;acceptation du responsable du Photoclub, dans la limite des <strong>disponibilit\u00e9s du mat\u00e9riel<\/strong>. Il est conseill\u00e9 de garder trace de la confirmation, une copie en sera adress\u00e9e au CSE Grand Sud.<br>Le demandeur doit imp\u00e9rativement faire partie du <strong>CSE Grand Sud<\/strong> et avoir \u00e9t\u00e9 d\u00e9clar\u00e9 au pr\u00e9alable par le CSE Grand Sud aupr\u00e8s des responsables du Photoclub. Aucune demande ext\u00e9rieure ne pourra \u00eatre accept\u00e9e. Le CSE sera inform\u00e9 des coordonn\u00e9es des responsables g\u00e9rant ce mat\u00e9riel.<br>Les demandes de r\u00e9servation du vid\u00e9oprojecteur 4K se font \u00e0 minima une semaine \u00e0 l&rsquo;avance, les r\u00e9servations tardives ne peuvent \u00eatre garanties. Elles se font \u00e0 la journ\u00e9e uniquement.<\/p>\n<p style=\"text-align: center;\">Retrait et retour se font sur le site de Nice-M\u00e9ridia aupr\u00e8s du responsable du mat\u00e9riel du Photoclub <strong><span style=\"color: #ff0000;\">exclusivement ! <\/span>Le contacter <span style=\"color: #ff0000;\">imp\u00e9rativement<\/span> avant pour fixer avec lui date et heure de rendez-vous en fonction de ses disponibilit\u00e9s et pour organiser retrait et retour dans les meilleures conditions.<\/strong><\/p>\n<hr>\n<p>Merci de bien vouloir :<\/p>\n<ul>\n<li style=\"text-align: left;\">nous signaler imp\u00e9rativement et d\u00e8s la r\u00e9servation toute demande sp\u00e9cifique en utilisant la zone commentaires du formulaire.<\/li>\n<li style=\"text-align: left;\">Nous informer de tout d\u00e9lai concernant le retour au plus tard le lendemain de l&#8217;emprunt, sauf accord du responsable sur site afin de ne pas impacter les emprunteurs suivants. Egalement, nous informer dans les plus brefs d\u00e9lais de tout probl\u00e8me technique ou panne lors de l&rsquo;utilisation. Un inventaire des mat\u00e9riels et accessoires est pr\u00e9sent dans la valise et sera v\u00e9rifi\u00e9 \u00e0 chaque retour.<\/li>\n<\/ul>\n\n\n<div class=\"wpcf7 no-js\" id=\"wpcf7-f17522-o1\" lang=\"fr-FR\" dir=\"ltr\" data-wpcf7-id=\"17522\">\n<div class=\"screen-reader-response\"><p role=\"status\" aria-live=\"polite\" aria-atomic=\"true\"><\/p> <ul><\/ul><\/div>\n<form action=\"\/WP\/wp-json\/wp\/v2\/pages\/17524#wpcf7-f17522-o1\" method=\"post\" class=\"wpcf7-form init\" aria-label=\"Formulaire de contact\" novalidate=\"novalidate\" data-status=\"init\">\n<fieldset class=\"hidden-fields-container\"><input type=\"hidden\" name=\"_wpcf7\" value=\"17522\" \/><input type=\"hidden\" name=\"_wpcf7_version\" value=\"6.1.5\" \/><input type=\"hidden\" name=\"_wpcf7_locale\" value=\"fr_FR\" \/><input type=\"hidden\" name=\"_wpcf7_unit_tag\" value=\"wpcf7-f17522-o1\" \/><input type=\"hidden\" name=\"_wpcf7_container_post\" value=\"0\" \/><input type=\"hidden\" name=\"_wpcf7_posted_data_hash\" value=\"\" \/><input type=\"hidden\" name=\"_wpcf7_recaptcha_response\" value=\"\" \/>\n<\/fieldset>\n<font size=\"-1\">\n\t<p><label> Nom Pr\u00e9nom*<br \/>\n<span class=\"wpcf7-form-control-wrap\" data-name=\"Nom\"><input size=\"40\" maxlength=\"400\" class=\"wpcf7-form-control wpcf7-text wpcf7-validates-as-required\" aria-required=\"true\" aria-invalid=\"false\" value=\"\" type=\"text\" name=\"Nom\" \/><\/span> <\/label><br \/>\n<label> Courriel*<br \/>\n<span class=\"wpcf7-form-control-wrap\" data-name=\"Courriel\"><input size=\"40\" maxlength=\"400\" class=\"wpcf7-form-control wpcf7-email wpcf7-validates-as-required wpcf7-text wpcf7-validates-as-email\" aria-required=\"true\" aria-invalid=\"false\" value=\"\" type=\"email\" name=\"Courriel\" \/><\/span> <\/label><br \/>\n<label> T\u00e9l\u00e9phone*<br \/>\n<span class=\"wpcf7-form-control-wrap\" data-name=\"Telephone\"><input size=\"40\" maxlength=\"400\" class=\"wpcf7-form-control wpcf7-tel wpcf7-validates-as-required wpcf7-text wpcf7-validates-as-tel\" aria-required=\"true\" aria-invalid=\"false\" value=\"\" type=\"tel\" name=\"Telephone\" \/><\/span> <\/label>\n\t<\/p>\n\t<p>R\u00e9servation*<br \/>\n<span class=\"wpcf7-form-control-wrap\" data-name=\"Reservation\"><span class=\"wpcf7-form-control wpcf7-checkbox wpcf7-validates-as-required wpcf7-exclusive-checkbox\"><span class=\"wpcf7-list-item first\"><label><input type=\"checkbox\" name=\"Reservation\" value=\"Initiale\" \/><span class=\"wpcf7-list-item-label\">Initiale<\/span><\/label><\/span><span class=\"wpcf7-list-item last\"><label><input type=\"checkbox\" name=\"Reservation\" value=\"Prolongation\" \/><span class=\"wpcf7-list-item-label\">Prolongation<\/span><\/label><\/span><\/span><\/span>\n\t<\/p>\n\t<h3>&bull;&nbsp;DATE DE RESERVATION\n\t<\/h3>\n\t<CENTER>\n\t\t<p><label> Date de la r\u00e9servation (\u00e0 la journ\u00e9e)*&nbsp&nbsp&nbsp&nbsp<span class=\"wpcf7-form-control-wrap\" data-name=\"date-resa\"><input class=\"wpcf7-form-control wpcf7-date wpcf7-validates-as-required wpcf7-validates-as-date\" aria-required=\"true\" aria-invalid=\"false\" value=\"\" type=\"date\" name=\"date-resa\" \/><\/span> <\/label><br \/>\n<label> Commentaires \u00e9ventuels&nbsp&nbsp&nbsp&nbsp&nbsp<span class=\"wpcf7-form-control-wrap\" data-name=\"commentaires\"><textarea cols=\"40\" rows=\"10\" maxlength=\"2000\" class=\"wpcf7-form-control wpcf7-textarea\" aria-invalid=\"false\" name=\"commentaires\">Vos commentaires si besoin ...<\/textarea><\/span> <\/label>\n\t\t<\/p>\n\t\t<p><span class=\"wpcf7-form-control-wrap\" data-name=\"confirmation\"><span class=\"wpcf7-form-control wpcf7-acceptance\"><span class=\"wpcf7-list-item\"><label><input type=\"checkbox\" name=\"confirmation\" value=\"1\" aria-invalid=\"false\" \/><span class=\"wpcf7-list-item-label\">Je confirme avoir pris connaissance des <b>Conditions de pr\u00eat ci-dessus<\/a><\/b><\/span><\/label><\/span><\/span><\/span>\n\t\t<\/p>\n\t\t<p><input class=\"wpcf7-form-control wpcf7-submit has-spinner\" type=\"submit\" value=\"Envoyer\" \/>\n\t\t<\/p>\n\t<\/center>\n<\/font><div class=\"wpcf7-response-output\" aria-hidden=\"true\"><\/div>\n<\/form>\n<\/div>\n\n","protected":false},"excerpt":{"rendered":"<p>Cette demande de r\u00e9servation est soumise \u00e0 l&rsquo;acceptation du responsable du Photoclub, dans la limite des disponibilit\u00e9s du mat\u00e9riel. Il est conseill\u00e9 de garder trace de la confirmation, une copie&#8230; <a href=\"https:\/\/photoclubibmca.fr\/WP\/pret-de-materiel\/formulaire-de-reservation-du-videoprojecteur-4k\/\">Read more &raquo;<\/a><\/p>\n","protected":false},"author":1,"featured_media":0,"parent":207,"menu_order":202,"comment_status":"closed","ping_status":"closed","template":"","meta":{"ngg_post_thumbnail":0,"footnotes":""},"class_list":["post-17524","page","type-page","status-publish","hentry"],"_links":{"self":[{"href":"https:\/\/photoclubibmca.fr\/WP\/wp-json\/wp\/v2\/pages\/17524","targetHints":{"allow":["GET"]}}],"collection":[{"href":"https:\/\/photoclubibmca.fr\/WP\/wp-json\/wp\/v2\/pages"}],"about":[{"href":"https:\/\/photoclubibmca.fr\/WP\/wp-json\/wp\/v2\/types\/page"}],"author":[{"embeddable":true,"href":"https:\/\/photoclubibmca.fr\/WP\/wp-json\/wp\/v2\/users\/1"}],"replies":[{"embeddable":true,"href":"https:\/\/photoclubibmca.fr\/WP\/wp-json\/wp\/v2\/comments?post=17524"}],"version-history":[{"count":3,"href":"https:\/\/photoclubibmca.fr\/WP\/wp-json\/wp\/v2\/pages\/17524\/revisions"}],"predecessor-version":[{"id":17528,"href":"https:\/\/photoclubibmca.fr\/WP\/wp-json\/wp\/v2\/pages\/17524\/revisions\/17528"}],"up":[{"embeddable":true,"href":"https:\/\/photoclubibmca.fr\/WP\/wp-json\/wp\/v2\/pages\/207"}],"wp:attachment":[{"href":"https:\/\/photoclubibmca.fr\/WP\/wp-json\/wp\/v2\/media?parent=17524"}],"curies":[{"name":"wp","href":"https:\/\/api.w.org\/{rel}","templated":true}]}}