{"id":17461,"date":"2025-07-01T14:28:38","date_gmt":"2025-07-01T12:28:38","guid":{"rendered":"https:\/\/photoclubibmca.fr\/WP\/?page_id=17461"},"modified":"2026-02-01T18:34:42","modified_gmt":"2026-02-01T17:34:42","slug":"generation-azur-ia-livre-1","status":"publish","type":"page","link":"https:\/\/photoclubibmca.fr\/WP\/generation-azur-ia-livre-1\/","title":{"rendered":"G\u00e9n\u00e9ration Azur IA &#8211; Livre 1"},"content":{"rendered":"<div class=\"wp-block-image is-style-default\">\n<figure class=\"aligncenter size-large is-resized\"><a href=\"https:\/\/www.calameo.com\/read\/0081022077ee0353fdaf8\" target=\"_blank\" rel=\" noreferrer noopener\"><img loading=\"lazy\" decoding=\"async\" width=\"1024\" height=\"723\" src=\"https:\/\/photoclubibmca.fr\/WP\/wp-content\/uploads\/2025\/07\/Couverture-1024x723.jpg\" alt=\"\" class=\"wp-image-17462\" style=\"width:640px;height:auto\" title=\"Cliquer pour feuilleter le livre\" srcset=\"https:\/\/photoclubibmca.fr\/WP\/wp-content\/uploads\/2025\/07\/Couverture-1024x723.jpg 1024w, https:\/\/photoclubibmca.fr\/WP\/wp-content\/uploads\/2025\/07\/Couverture-480x339.jpg 480w, https:\/\/photoclubibmca.fr\/WP\/wp-content\/uploads\/2025\/07\/Couverture-768x542.jpg 768w, https:\/\/photoclubibmca.fr\/WP\/wp-content\/uploads\/2025\/07\/Couverture-1536x1084.jpg 1536w, https:\/\/photoclubibmca.fr\/WP\/wp-content\/uploads\/2025\/07\/Couverture-2048x1445.jpg 2048w, https:\/\/photoclubibmca.fr\/WP\/wp-content\/uploads\/2025\/07\/Couverture-624x440.jpg 624w\" sizes=\"auto, (max-width: 1024px) 100vw, 1024px\" \/><\/a><\/figure>\n<\/div>\n\n\n<p class=\"has-text-align-center\">Cliquer sur la couverture pour d\u00e9couvrir le livre \u00e0 feuilleter en version augment\u00e9e.<br>Une version diaporama est \u00e9galement disponible <a href=\"https:\/\/www.calameo.com\/books\/0081022079f0782229239\" target=\"_blank\" rel=\"noreferrer noopener\"><strong>ICI<\/strong><\/a>. Une fois consult\u00e9, vous pouvez nous laisser un avis en commentaire sur cette page. Il sera publi\u00e9 apr\u00e8s v\u00e9rification (*).<\/p>\n\n\n\n<p class=\"has-text-align-center\"><a href=\"https:\/\/photoclubibmca.fr\/generation-azur-ia\/\" target=\"_blank\" rel=\"noreferrer noopener\"><strong>Qui sommes-nous<\/strong> ?<\/a><\/p>\n\n\n\n<p class=\"has-text-align-center\"><a href=\"https:\/\/photoclubibmca.fr\/WP\/wp-content\/uploads\/2025\/08\/Utilisation-de-lIA-pour-la-constitution-de-notre-livre-v1.2.pdf\"><strong>Utilisation de l&rsquo;IA pour la constitution du livre<\/strong><\/a><\/p>\n\n\n\n<p class=\"has-text-align-center\">Exposition Surr\u00e9alisme (<strong><a href=\"https:\/\/photoclubibmca.fr\/WP\/wp-content\/uploads\/2025\/10\/Texte-de-presentation-Exposition-Surrealisme.pdf\" target=\"_blank\" rel=\"noreferrer noopener\">texte<\/a> <\/strong>et <strong><a href=\"https:\/\/photoclubibmca.fr\/WP\/wp-content\/uploads\/2025\/11\/Generation%20Azur%20IA-%20Le%20Surrealisme%20v2.mp4\" target=\"_blank\" rel=\"noreferrer noopener\">audiovisuel<\/a> <\/strong>de pr\u00e9sentation)<\/p>\n\n\n\n<p class=\"has-text-align-center\">Notre partenaire : <a href=\"https:\/\/www.maison-intelligence-artificielle.com\/\" target=\"_blank\" rel=\"noreferrer noopener\"><strong>La Maison de l&rsquo;Intelligence Artificielle<\/strong><\/a><\/p>\n\n\n\n<div class=\"wp-block-buttons has-white-background-color has-background is-content-justification-center is-layout-flex wp-container-core-buttons-is-layout-16018d1d wp-block-buttons-is-layout-flex\">\n<div class=\"wp-block-button is-style-outline is-style-outline--1\"><a class=\"wp-block-button__link wp-element-button\" href=\"https:\/\/photoclubibmca.fr\/\"><strong>Retour \u00e0 l&rsquo;accueil<\/strong><\/a><\/div>\n<\/div>\n\n\n\n<p>(*) Nous recommandons de n&rsquo;indiquer ni information personnelle. Pour le nom, indiquer simplement pr\u00e9nom et initiale du nom. Votre e-mail ne sera pas visible ni publi\u00e9 sur le site,<\/p>\n","protected":false},"excerpt":{"rendered":"<p>Cliquer sur la couverture pour d\u00e9couvrir le livre \u00e0 feuilleter en version augment\u00e9e.Une version diaporama est \u00e9galement disponible ICI. Une fois consult\u00e9, vous pouvez nous laisser un avis en commentaire&#8230; <a href=\"https:\/\/photoclubibmca.fr\/WP\/generation-azur-ia-livre-1\/\">Read more &raquo;<\/a><\/p>\n","protected":false},"author":1,"featured_media":0,"parent":0,"menu_order":0,"comment_status":"open","ping_status":"closed","template":"page-templates\/full-width.php","meta":{"ngg_post_thumbnail":0,"footnotes":""},"class_list":["post-17461","page","type-page","status-publish","hentry"],"_links":{"self":[{"href":"https:\/\/photoclubibmca.fr\/WP\/wp-json\/wp\/v2\/pages\/17461","targetHints":{"allow":["GET"]}}],"collection":[{"href":"https:\/\/photoclubibmca.fr\/WP\/wp-json\/wp\/v2\/pages"}],"about":[{"href":"https:\/\/photoclubibmca.fr\/WP\/wp-json\/wp\/v2\/types\/page"}],"author":[{"embeddable":true,"href":"https:\/\/photoclubibmca.fr\/WP\/wp-json\/wp\/v2\/users\/1"}],"replies":[{"embeddable":true,"href":"https:\/\/photoclubibmca.fr\/WP\/wp-json\/wp\/v2\/comments?post=17461"}],"version-history":[{"count":4,"href":"https:\/\/photoclubibmca.fr\/WP\/wp-json\/wp\/v2\/pages\/17461\/revisions"}],"predecessor-version":[{"id":17939,"href":"https:\/\/photoclubibmca.fr\/WP\/wp-json\/wp\/v2\/pages\/17461\/revisions\/17939"}],"wp:attachment":[{"href":"https:\/\/photoclubibmca.fr\/WP\/wp-json\/wp\/v2\/media?parent=17461"}],"curies":[{"name":"wp","href":"https:\/\/api.w.org\/{rel}","templated":true}]}}