{"id":1715,"date":"2019-10-23T09:00:34","date_gmt":"2019-10-23T07:00:34","guid":{"rendered":"http:\/\/photoclublge.fr\/WP\/?page_id=1715"},"modified":"2024-04-02T17:26:02","modified_gmt":"2024-04-02T15:26:02","slug":"concours-national-criterium-2021","status":"publish","type":"page","link":"https:\/\/photoclubibmca.fr\/WP\/concours-national-ibm-2021\/concours-national-criterium-2021\/","title":{"rendered":"Concours National &#8211; Crit\u00e9rium 2021"},"content":{"rendered":"<p style=\"text-align: center;\">Vous trouverez ci-dessous le document sp\u00e9cifique au Crit\u00e9rium (r\u00e8glement du concours et en fin de document, les bordereaux d&rsquo;enregistrement des photos en cat\u00e9gorie monochrome et couleur).<\/p>\n<p style=\"text-align: center;\"><a href=\"https:\/\/photoclublge.fr\/WP\/wp-content\/uploads\/2021\/06\/Reglement-Criterium-Concours-Photo-IBM-2021-v1.7.pdf\" target=\"_blank\" rel=\"noopener noreferrer\">Crit\u00e9rium &amp; bordereaux<\/a><\/p>\n<p style=\"text-align: center;\">Les deux sujets du crit\u00e9rium &#8211; ouvert aux clubs et photographes individuels de la r\u00e9gion &#8211; pour le concours national IBM 2021 \u00e0 Nice sont :<\/p>\n<h5 style=\"text-align: center;\">\u00ab\u00a0<span style=\"color: #0000ff;\">Portraits<\/span>\u00a0\u00bb en Monochrome<br \/>\n\u00ab\u00a0<span style=\"color: #0000ff;\">Paysages non urbains<\/span>\u00a0\u00bb en Couleur<\/h5>\n","protected":false},"excerpt":{"rendered":"<p>Vous trouverez ci-dessous le document sp\u00e9cifique au Crit\u00e9rium (r\u00e8glement du concours et en fin de document, les bordereaux d&rsquo;enregistrement des photos en cat\u00e9gorie monochrome et couleur). Crit\u00e9rium &amp; bordereaux Les&#8230; <a href=\"https:\/\/photoclubibmca.fr\/WP\/concours-national-ibm-2021\/concours-national-criterium-2021\/\">Read more &raquo;<\/a><\/p>\n","protected":false},"author":79,"featured_media":0,"parent":1386,"menu_order":0,"comment_status":"closed","ping_status":"closed","template":"","meta":{"ngg_post_thumbnail":0,"footnotes":""},"class_list":["post-1715","page","type-page","status-publish","hentry"],"_links":{"self":[{"href":"https:\/\/photoclubibmca.fr\/WP\/wp-json\/wp\/v2\/pages\/1715","targetHints":{"allow":["GET"]}}],"collection":[{"href":"https:\/\/photoclubibmca.fr\/WP\/wp-json\/wp\/v2\/pages"}],"about":[{"href":"https:\/\/photoclubibmca.fr\/WP\/wp-json\/wp\/v2\/types\/page"}],"author":[{"embeddable":true,"href":"https:\/\/photoclubibmca.fr\/WP\/wp-json\/wp\/v2\/users\/79"}],"replies":[{"embeddable":true,"href":"https:\/\/photoclubibmca.fr\/WP\/wp-json\/wp\/v2\/comments?post=1715"}],"version-history":[{"count":0,"href":"https:\/\/photoclubibmca.fr\/WP\/wp-json\/wp\/v2\/pages\/1715\/revisions"}],"up":[{"embeddable":true,"href":"https:\/\/photoclubibmca.fr\/WP\/wp-json\/wp\/v2\/pages\/1386"}],"wp:attachment":[{"href":"https:\/\/photoclubibmca.fr\/WP\/wp-json\/wp\/v2\/media?parent=1715"}],"curies":[{"name":"wp","href":"https:\/\/api.w.org\/{rel}","templated":true}]}}