{"id":17035,"date":"2025-04-07T11:29:39","date_gmt":"2025-04-07T09:29:39","guid":{"rendered":"https:\/\/photoclubibmca.fr\/WP\/?page_id=17035"},"modified":"2026-04-13T14:28:24","modified_gmt":"2026-04-13T12:28:24","slug":"realisations-ia","status":"publish","type":"page","link":"https:\/\/photoclubibmca.fr\/WP\/realisations-ia\/","title":{"rendered":"R\u00e9alisations IA G\u00e9n\u00e9rative"},"content":{"rendered":"\n<p class=\"has-text-align-center\">Vous trouverez ci-dessous quelques unes des r\u00e9alisations des membres du groupe<br><a href=\"https:\/\/photoclubibmca.fr\/WP\/generation-azur-ia\/\" target=\"_blank\" rel=\"noreferrer noopener\">G\u00e9n\u00e9ration Azur IA<\/a>.<\/p>\n\n\n\n<div class=\"wp-block-media-text has-media-on-the-right is-stacked-on-mobile is-vertically-aligned-center\" style=\"grid-template-columns:auto 40%\"><div class=\"wp-block-media-text__content\">\n<p>Exposition Surr\u00e9alisme (pr\u00e9sentation)<\/p>\n<\/div><figure class=\"wp-block-media-text__media\"><video controls src=\"https:\/\/photoclubibmca.fr\/WP\/wp-content\/uploads\/2025\/10\/Generation Azur IA- Le Surrealisme.mp4\"><\/video><\/figure><\/div>\n\n\n\n<hr class=\"wp-block-separator has-alpha-channel-opacity\"\/>\n\n\n\n<div class=\"wp-block-media-text has-media-on-the-right is-stacked-on-mobile is-vertically-aligned-center\" style=\"grid-template-columns:auto 40%\"><div class=\"wp-block-media-text__content\">\n<p><a href=\"https:\/\/photoclubibmca.fr\/WP\/ia-si-reelle\/\" target=\"_blank\" rel=\"noreferrer noopener\">Si R\u00e9elle<\/a><br>Ren\u00e9e Brachet<\/p>\n<\/div><figure class=\"wp-block-media-text__media\"><video controls src=\"https:\/\/photoclubibmca.fr\/WP\/wp-content\/uploads\/2025\/04\/IA-Renee-Brachet-Sireelle.mp4\"><\/video><\/figure><\/div>\n\n\n\n<div class=\"wp-block-media-text has-media-on-the-right is-stacked-on-mobile\" style=\"grid-template-columns:auto 40%\"><div class=\"wp-block-media-text__content\">\n<p><a href=\"https:\/\/photoclubibmca.fr\/WP\/ia-nuit-magique\/\" target=\"_blank\" rel=\"noreferrer noopener\">Nuit Magique<\/a><br>Sandra Broccolichi<\/p>\n<\/div><figure class=\"wp-block-media-text__media\"><video controls src=\"https:\/\/photoclubibmca.fr\/WP\/wp-content\/uploads\/2026\/04\/IA-Surrealisme-SandraBroccolichi-NuitMagique.mp4\"><\/video><\/figure><\/div>\n\n\n\n<div class=\"wp-block-media-text has-media-on-the-right is-stacked-on-mobile\" style=\"grid-template-columns:auto 40%\"><div class=\"wp-block-media-text__content\">\n<p><a href=\"https:\/\/photoclubibmca.fr\/WP\/ia-reveries\/\" target=\"_blank\" rel=\"noreferrer noopener\"><a href=\"https:\/\/photoclubibmca.fr\/WP\/ia-reveries\/\" target=\"_blank\" rel=\"noreferrer noopener\">R\u00eaveries<\/a><\/a><br>Sandra Broccolichi<\/p>\n<\/div><figure class=\"wp-block-media-text__media\"><video controls src=\"https:\/\/photoclubibmca.fr\/WP\/wp-content\/uploads\/2025\/03\/A-la-maniere-de-Sandra-Broccolichi-Reveries.mp4\"><\/video><\/figure><\/div>\n\n\n\n<div class=\"wp-block-media-text has-media-on-the-right is-stacked-on-mobile\" style=\"grid-template-columns:auto 40%\"><div class=\"wp-block-media-text__content\">\n<p><a href=\"https:\/\/photoclubibmca.fr\/WP\/ia-la-cite-radieuse\/\" target=\"_blank\" rel=\"noreferrer noopener\">La Cit\u00e9 Radieuse<\/a><br>Christophe Dentinger<\/p>\n<\/div><figure class=\"wp-block-media-text__media\"><video controls src=\"https:\/\/photoclubibmca.fr\/WP\/wp-content\/uploads\/2026\/04\/IA-Surrealisme-ChristopheDentinger-LaCiteRadieuse.mp4\"><\/video><\/figure><\/div>\n\n\n\n<div class=\"wp-block-media-text has-media-on-the-right is-stacked-on-mobile\" style=\"grid-template-columns:auto 40%\"><div class=\"wp-block-media-text__content\">\n<p><a href=\"https:\/\/photoclubibmca.fr\/WP\/ia-lenfant-et-bruges\/\" target=\"_blank\" rel=\"noreferrer noopener\">L&rsquo;Enfant et Bruges<\/a><br>Vincent Dessaint<\/p>\n<\/div><figure class=\"wp-block-media-text__media\"><video controls src=\"https:\/\/photoclubibmca.fr\/WP\/wp-content\/uploads\/2026\/04\/IA-Surrealisme-VincentDessaint-LEnfant-et-Bruges.mp4\"><\/video><\/figure><\/div>\n\n\n\n<div class=\"wp-block-media-text has-media-on-the-right is-stacked-on-mobile\" style=\"grid-template-columns:auto 40%\"><div class=\"wp-block-media-text__content\">\n<p><a href=\"https:\/\/photoclubibmca.fr\/WP\/ia-le-bateau-quitte-le-pays-basque\/\" target=\"_blank\" rel=\"noreferrer noopener\">Le bateau quitte le pays basque<\/a><br>Vincent Dessaint<\/p>\n<\/div><figure class=\"wp-block-media-text__media\"><video controls src=\"https:\/\/photoclubibmca.fr\/WP\/wp-content\/uploads\/2025\/03\/A-la-maniere-Vincent-Dessaint-Le-bateau-quitte-le-pays-Basque.mp4\"><\/video><\/figure><\/div>\n\n\n\n<div class=\"wp-block-media-text has-media-on-the-right is-stacked-on-mobile\" style=\"grid-template-columns:auto 40%\"><div class=\"wp-block-media-text__content\">\n<p> <a href=\"https:\/\/photoclubibmca.fr\/WP\/ia-le-lac-et-le-moulin\/\" target=\"_blank\" rel=\"noreferrer noopener\">Le Lac et le Moulin<\/a><br>Vincent Dessaint<\/p>\n<\/div><figure class=\"wp-block-media-text__media\"><video controls src=\"https:\/\/photoclubibmca.fr\/WP\/wp-content\/uploads\/2025\/03\/A-la-maniere-Vincent-Dessaint-Le-Lac-et-le-Moulin.mp4\"><\/video><\/figure><\/div>\n\n\n\n<div class=\"wp-block-media-text has-media-on-the-right is-stacked-on-mobile\" style=\"grid-template-columns:auto 40%\"><div class=\"wp-block-media-text__content\">\n<p><a href=\"https:\/\/photoclubibmca.fr\/WP\/ia-art-nouveau\/\" target=\"_blank\" rel=\"noreferrer noopener\">Art Nouveau<\/a><br>Patrick Hanez<\/p>\n<\/div><figure class=\"wp-block-media-text__media\"><video controls src=\"https:\/\/photoclubibmca.fr\/WP\/wp-content\/uploads\/2025\/04\/A-la-maniere-de-Patrick-Hanez-Art-Nouveau.mp4\"><\/video><\/figure><\/div>\n\n\n\n<div class=\"wp-block-media-text has-media-on-the-right is-stacked-on-mobile\" style=\"grid-template-columns:auto 40%\"><div class=\"wp-block-media-text__content\">\n<p><a href=\"https:\/\/photoclubibmca.fr\/WP\/ia-nice-balloons\/\" target=\"_blank\" rel=\"noreferrer noopener\">Nice Balloons<\/a><br>Philippe Galazzo<\/p>\n<\/div><figure class=\"wp-block-media-text__media\"><video controls src=\"https:\/\/photoclubibmca.fr\/WP\/wp-content\/uploads\/2026\/04\/IA-Surrealisme-PhilippeGalazzo-NiceBalloons.mp4\"><\/video><\/figure><\/div>\n\n\n\n<div class=\"wp-block-media-text has-media-on-the-right is-stacked-on-mobile\" style=\"grid-template-columns:auto 40%\"><div class=\"wp-block-media-text__content\">\n<p><a href=\"https:\/\/photoclubibmca.fr\/WP\/ia-Marine\" target=\"_blank\" rel=\"noreferrer noopener\">Marine<\/a><br>Patrick Hanez<\/p>\n<\/div><figure class=\"wp-block-media-text__media\"><video controls src=\"https:\/\/photoclubibmca.fr\/WP\/wp-content\/uploads\/2025\/04\/IA-a-la-maniere-de-Patrick-Hanez-Marine.mp4\"><\/video><\/figure><\/div>\n\n\n\n<div class=\"wp-block-media-text has-media-on-the-right is-stacked-on-mobile\" style=\"grid-template-columns:auto 40%\"><div class=\"wp-block-media-text__content\">\n<p><a href=\"https:\/\/photoclubibmca.fr\/WP\/ia-le-jour-dapres\/\" target=\"_blank\" rel=\"noreferrer noopener\">Le Jour d&rsquo;Apr\u00e8s<\/a><br>C\u00e9line Pierini<\/p>\n<\/div><figure class=\"wp-block-media-text__media\"><video controls src=\"https:\/\/photoclubibmca.fr\/WP\/wp-content\/uploads\/2026\/04\/IA-Surrealisme-CelinePierini-LeJourdApres.mp4\"><\/video><\/figure><\/div>\n\n\n\n<div class=\"wp-block-media-text has-media-on-the-right is-stacked-on-mobile\" style=\"grid-template-columns:auto 40%\"><div class=\"wp-block-media-text__content\">\n<p><a href=\"https:\/\/photoclubibmca.fr\/WP\/ia-loeuf-ou-la-poule\/\" target=\"_blank\" rel=\"noreferrer noopener\">L&rsquo;\u0152uf ou la Poule<\/a><br>C\u00e9line Pierini<\/p>\n<\/div><figure class=\"wp-block-media-text__media\"><video controls src=\"https:\/\/photoclubibmca.fr\/WP\/wp-content\/uploads\/2026\/04\/IA-Surrealisme-CelinePierini-LoeufOuLaPoule.mp4\"><\/video><\/figure><\/div>\n\n\n\n<div class=\"wp-block-media-text has-media-on-the-right is-stacked-on-mobile\" style=\"grid-template-columns:auto 40%\"><div class=\"wp-block-media-text__content\">\n<p><a href=\"https:\/\/photoclubibmca.fr\/WP\/ia-mariage-aerien\/\" target=\"_blank\" rel=\"noreferrer noopener\">Mariage A\u00e9rien<\/a><br>Anna Semenova<\/p>\n<\/div><figure class=\"wp-block-media-text__media\"><video controls src=\"https:\/\/photoclubibmca.fr\/WP\/wp-content\/uploads\/2026\/04\/IA-Surrealisme-AnnaSemenova-MariageAerien.mp4\"><\/video><\/figure><\/div>\n","protected":false},"excerpt":{"rendered":"<p>Vous trouverez ci-dessous quelques unes des r\u00e9alisations des membres du groupeG\u00e9n\u00e9ration Azur IA. Exposition Surr\u00e9alisme (pr\u00e9sentation) Si R\u00e9elleRen\u00e9e Brachet Nuit MagiqueSandra Broccolichi R\u00eaveriesSandra Broccolichi La Cit\u00e9 RadieuseChristophe Dentinger L&rsquo;Enfant et&#8230; <a href=\"https:\/\/photoclubibmca.fr\/WP\/realisations-ia\/\">Read more &raquo;<\/a><\/p>\n","protected":false},"author":1,"featured_media":0,"parent":0,"menu_order":0,"comment_status":"closed","ping_status":"closed","template":"","meta":{"ngg_post_thumbnail":0,"footnotes":""},"class_list":["post-17035","page","type-page","status-publish","hentry"],"_links":{"self":[{"href":"https:\/\/photoclubibmca.fr\/WP\/wp-json\/wp\/v2\/pages\/17035","targetHints":{"allow":["GET"]}}],"collection":[{"href":"https:\/\/photoclubibmca.fr\/WP\/wp-json\/wp\/v2\/pages"}],"about":[{"href":"https:\/\/photoclubibmca.fr\/WP\/wp-json\/wp\/v2\/types\/page"}],"author":[{"embeddable":true,"href":"https:\/\/photoclubibmca.fr\/WP\/wp-json\/wp\/v2\/users\/1"}],"replies":[{"embeddable":true,"href":"https:\/\/photoclubibmca.fr\/WP\/wp-json\/wp\/v2\/comments?post=17035"}],"version-history":[{"count":4,"href":"https:\/\/photoclubibmca.fr\/WP\/wp-json\/wp\/v2\/pages\/17035\/revisions"}],"predecessor-version":[{"id":18173,"href":"https:\/\/photoclubibmca.fr\/WP\/wp-json\/wp\/v2\/pages\/17035\/revisions\/18173"}],"wp:attachment":[{"href":"https:\/\/photoclubibmca.fr\/WP\/wp-json\/wp\/v2\/media?parent=17035"}],"curies":[{"name":"wp","href":"https:\/\/api.w.org\/{rel}","templated":true}]}}