{"id":17011,"date":"2025-04-02T21:17:35","date_gmt":"2025-04-02T19:17:35","guid":{"rendered":"https:\/\/photoclubibmca.fr\/WP\/?page_id=17011"},"modified":"2026-05-06T09:48:16","modified_gmt":"2026-05-06T07:48:16","slug":"generation-azur-ia","status":"publish","type":"page","link":"https:\/\/photoclubibmca.fr\/WP\/generation-azur-ia\/","title":{"rendered":"G\u00e9n\u00e9ration Azur IA"},"content":{"rendered":"<div class=\"wp-block-image\">\n<figure data-wp-context=\"{&quot;imageId&quot;:&quot;6a03179e3f72c&quot;}\" data-wp-interactive=\"core\/image\" data-wp-key=\"6a03179e3f72c\" class=\"aligncenter size-thumbnail wp-lightbox-container\"><img loading=\"lazy\" decoding=\"async\" width=\"150\" height=\"150\" data-wp-class--hide=\"state.isContentHidden\" data-wp-class--show=\"state.isContentVisible\" data-wp-init=\"callbacks.setButtonStyles\" data-wp-on--click=\"actions.showLightbox\" data-wp-on--load=\"callbacks.setButtonStyles\" data-wp-on-window--resize=\"callbacks.setButtonStyles\" src=\"https:\/\/photoclubibmca.fr\/WP\/wp-content\/uploads\/2025\/04\/image-1-150x150.png\" alt=\"\" class=\"wp-image-17013\" srcset=\"https:\/\/photoclubibmca.fr\/WP\/wp-content\/uploads\/2025\/04\/image-1-150x150.png 150w, https:\/\/photoclubibmca.fr\/WP\/wp-content\/uploads\/2025\/04\/image-1-300x300.png 300w, https:\/\/photoclubibmca.fr\/WP\/wp-content\/uploads\/2025\/04\/image-1-1024x1024.png 1024w, https:\/\/photoclubibmca.fr\/WP\/wp-content\/uploads\/2025\/04\/image-1-768x768.png 768w, https:\/\/photoclubibmca.fr\/WP\/wp-content\/uploads\/2025\/04\/image-1-624x624.png 624w, https:\/\/photoclubibmca.fr\/WP\/wp-content\/uploads\/2025\/04\/image-1-176x176.png 176w, https:\/\/photoclubibmca.fr\/WP\/wp-content\/uploads\/2025\/04\/image-1-60x60.png 60w, https:\/\/photoclubibmca.fr\/WP\/wp-content\/uploads\/2025\/04\/image-1.png 1296w\" sizes=\"auto, (max-width: 150px) 100vw, 150px\" \/><button\n\t\t\tclass=\"lightbox-trigger\"\n\t\t\ttype=\"button\"\n\t\t\taria-haspopup=\"dialog\"\n\t\t\taria-label=\"Agrandir\"\n\t\t\tdata-wp-init=\"callbacks.initTriggerButton\"\n\t\t\tdata-wp-on--click=\"actions.showLightbox\"\n\t\t\tdata-wp-style--right=\"state.imageButtonRight\"\n\t\t\tdata-wp-style--top=\"state.imageButtonTop\"\n\t\t>\n\t\t\t<svg xmlns=\"http:\/\/www.w3.org\/2000\/svg\" width=\"12\" height=\"12\" fill=\"none\" viewBox=\"0 0 12 12\">\n\t\t\t\t<path fill=\"#fff\" d=\"M2 0a2 2 0 0 0-2 2v2h1.5V2a.5.5 0 0 1 .5-.5h2V0H2Zm2 10.5H2a.5.5 0 0 1-.5-.5V8H0v2a2 2 0 0 0 2 2h2v-1.5ZM8 12v-1.5h2a.5.5 0 0 0 .5-.5V8H12v2a2 2 0 0 1-2 2H8Zm2-12a2 2 0 0 1 2 2v2h-1.5V2a.5.5 0 0 0-.5-.5H8V0h2Z\" \/>\n\t\t\t<\/svg>\n\t\t<\/button><\/figure>\n<\/div>\n\n\n<p><\/p>\n\n\n\n<p class=\"has-text-align-left\"><strong>\u00ab\u00a0G\u00e9n\u00e9ration Azur IA\u00a0\u00bb<\/strong>, anciennement nomm\u00e9 groupe <strong>\u00ab\u00a0Cr\u00e9ativit\u00e9 et IA\u00a0\u00bb<\/strong>, s&rsquo;est cr\u00e9\u00e9 au sein du <a href=\"https:\/\/www.photoclubibmca.fr\/\" target=\"_blank\" rel=\"noreferrer noopener\">Photoclub IBM C\u00f4te d&rsquo;Azur<\/a> en Janvier 2023. En Janvier 2025 l\u2019association a sign\u00e9 une convention pour un partenariat avec la <em><a href=\"https:\/\/www.maison-intelligence-artificielle.com\/\" target=\"_blank\" rel=\"noreferrer noopener\">Maison de l\u2019Intelligence Artificielle (M.I.A.)<\/a><\/em> du d\u00e9partement des Alpes Maritimes.<br>Le groupe est actuellement constitu\u00e9 de 18 membres : Dominik Garcia, C\u00e9line Pierini, Philippe Galazzo, Christophe Dentinger, Maurice Zanella, Marianne Drouet, Luc Gounaud, Pascal Thirion, Patrick Hanez, Sandra Broccolichi, Frank Perez, Vincent Dessaint, Raphael Battoia, Ren\u00e9e Brachet, Thierry Baldini, Yves bonnet, Chantal de Narp, Anna Semenova.<br><br>M\u00eame si le but premier \u00e9tait de s\u00e9parer les activit\u00e9s purement photographiques des images produites par l&rsquo;I.A., des sessions r\u00e9guli\u00e8res ont permis le partage des r\u00e9alisations artistiques de chacun ainsi que l\u2019\u00e9change d\u2019informations techniques sur ces outils. Une bonne compr\u00e9hension du fonctionnement des outils et une r\u00e9flexion pouss\u00e9e sur l\u2019int\u00e9r\u00eat de ces techniques dans une utilisation picturale ou photor\u00e9aliste nous a permis aussi d\u2019organiser de nombreux d\u00e9bats publics dans la r\u00e9gion.<br><br>S&rsquo;en est suivi un travail collectif qui nous a permis de construire cinq expositions \u00e0 ce jour :<\/p>\n\n\n\n<ul class=\"wp-block-list\">\n<li><em><strong>\u00ab<\/strong><\/em> <em><strong>Surr\u00e9alisme \u00bb<\/strong><\/em> \u00e0 la Maison de l\u2019Intelligence Artificielle \u00e0 partir du 8 octobre 2025, en combinaison avec la sortie du livre \u00ab\u00a0<a href=\"https:\/\/photoclubibmca.fr\/WP\/generation-azur-ia-livre-1\/\" target=\"_blank\" rel=\"noreferrer noopener\"><strong>Les IA n\u2019ont jamais vu d\u2019\u00e9l\u00e9phants<\/strong><\/a>\u00a0\u00bb co-\u00e9dit\u00e9 \u00e0 200 exemplaires avec la MIA. Une version num\u00e9rique augment\u00e9e comportant des liens sur des vid\u00e9os cr\u00e9\u00e9es \u00e0 partir des images du livre est \u00e0 feuilleter sur <a href=\"https:\/\/photoclubibmca.fr\/WP\/generation-azur-ia-livre-1\/\" target=\"_blank\" rel=\"noreferrer noopener\">Calameo<\/a>.<\/li>\n\n\n\n<li><em><strong>\u00ab<\/strong><\/em> <em><strong>Mers et Oc\u00e9ans \u00bb<\/strong><\/em> \u00e0 la Maison de l&rsquo;Intelligence Artificielle de juin \u00e0 octobre 2025<\/li>\n\n\n\n<li><em><strong>\u00ab<\/strong><\/em> <em><strong>Cr\u00e9atures et Mondes Fantastiques \u00bb<\/strong><\/em> \u00e0 Tourrette-Levens pour les rencontres photographiques \u2018Les Regards du Sud\u2019 en Octobre 2023, ensuite 2i\u00e8me \u00e9dition \u00e0 la Maison des 1000 premiers jours du 11 Sept. 2024 au 15 Janv. 2025 puis La Maioun do\u00f9 Rai \u00e0 Nice.<\/li>\n\n\n\n<li><em><strong>\u00ab<\/strong><\/em> <em><strong>R\u00e9el \/ Irr\u00e9el- Illusions Visuelles<em><strong> \u00bb<\/strong><\/em><\/strong><\/em> au centre culturel La Coupole de La Gaude en Janvier 2024 puis au Festival de Mouans Sartoux au mois de Mai 2024 (Note : dans cette exposition, une s\u00e9rie de diptyques comprenaient une image issue de l&rsquo;IA et une photographie laissant le soin au public d&rsquo;enqu\u00eater pour distinguer le r\u00e9el du virtuel). Une <a href=\"https:\/\/www.artsteps.com\/view\/659099e3e4c39916996b119b\" target=\"_blank\" rel=\"noreferrer noopener\">exposition virtuelle de l&rsquo;\u00e9v\u00e9nement<\/a> a \u00e9t\u00e9 cr\u00e9\u00e9e pour l&rsquo;occasion.<\/li>\n\n\n\n<li><em><strong>\u00ab<\/strong><\/em> <em><strong>A la mani\u00e8re de<em><strong> \u00bb<\/strong><\/em><\/strong><\/em> \u00e0 Tourrette-Levens pour les rencontres photographiques \u2018Les Regards du Sud\u2019 en Oct. 2024 avec une pr\u00e9sentation originale sous forme de \u2018cabinet de curiosit\u00e9s\u2019, puis \u00e0 Valbonne (entreprises Kyndryl et ETSI) et au WAICF \u00e0 Cannes le 15 F\u00e9vrier 2025. L&rsquo;exposition sera ensuite visible du 5 juillet au 3 octobre au&nbsp;<a href=\"https:\/\/www.panasia.fr\/fr\/actualites\/nouvelle-exposition-chez-panasia-cap3000-a-la-maniere-de-b256.html\" target=\"_blank\" rel=\"noreferrer noopener\">restaurant PANASIA de CAP 3000<\/a>&nbsp;\u00e0 Saint Laurent du Var. Le <a href=\"https:\/\/photoclubibmca.fr\/WP\/ia-a-la-maniere-de\/\" target=\"_blank\" rel=\"noreferrer noopener\">diaporama <\/a>correspondant est en ligne.<\/li>\n<\/ul>\n\n\n\n<p class=\"has-text-align-left\">Le but du groupe \u00ab\u00a0G\u00e9n\u00e9ration Azur IA\u00a0\u00bb est de faire conna\u00eetre aupr\u00e8s du grand public l\u2019utilisation de l\u2019intelligence artificielle dans un but ludique et d\u2019apporter un support \u00e0 la production artistique locale. Les structures int\u00e9ress\u00e9es par notre approche et pouvant proposer des lieux d\u2019exposition ou de d\u00e9bat peuvent nous contacter.<br>Facebook : <a href=\"https:\/\/www.facebook.com\/groups\/984399913114047\/\" target=\"_blank\" rel=\"noreferrer noopener\">Photoclub IBM &#8211; G\u00e9n\u00e9ration Azur IA<\/a><br><a href=\"https:\/\/photoclubibmca.fr\/WP\/wp-content\/uploads\/2026\/05\/2026-Generation-Azur-IA-Dossier-de-Presse-v2.7.pdf\" data-type=\"link\" data-id=\"https:\/\/photoclubibmca.fr\/WP\/wp-content\/uploads\/2025\/10\/2025-Generation-Azur-IA-Dossier-de-Presse-v2.6.pdf\" target=\"_blank\" rel=\"noreferrer noopener\">Dossier de presse<\/a><br><a href=\"mailto:dentingerc@yahoo.fr\">Christophe Dentinger<\/a> , animateur de \u00ab G\u00e9n\u00e9ration Azur IA \u00bb<\/p>\n\n\n\n<div class=\"wp-block-buttons has-white-background-color has-background is-content-justification-center is-layout-flex wp-container-core-buttons-is-layout-16018d1d wp-block-buttons-is-layout-flex\">\n<div class=\"wp-block-button is-style-outline is-style-outline--1\"><a class=\"wp-block-button__link wp-element-button\" href=\"https:\/\/photoclubibmca.fr\/\"><strong>Retour \u00e0 l&rsquo;accueil<\/strong><\/a><\/div>\n<\/div>\n","protected":false},"excerpt":{"rendered":"<p>\u00ab\u00a0G\u00e9n\u00e9ration Azur IA\u00a0\u00bb, anciennement nomm\u00e9 groupe \u00ab\u00a0Cr\u00e9ativit\u00e9 et IA\u00a0\u00bb, s&rsquo;est cr\u00e9\u00e9 au sein du Photoclub IBM C\u00f4te d&rsquo;Azur en Janvier 2023. En Janvier 2025 l\u2019association a sign\u00e9 une convention pour&#8230; <a href=\"https:\/\/photoclubibmca.fr\/WP\/generation-azur-ia\/\">Read more &raquo;<\/a><\/p>\n","protected":false},"author":1,"featured_media":0,"parent":0,"menu_order":0,"comment_status":"closed","ping_status":"closed","template":"page-templates\/full-width.php","meta":{"ngg_post_thumbnail":0,"footnotes":""},"class_list":["post-17011","page","type-page","status-publish","hentry"],"_links":{"self":[{"href":"https:\/\/photoclubibmca.fr\/WP\/wp-json\/wp\/v2\/pages\/17011","targetHints":{"allow":["GET"]}}],"collection":[{"href":"https:\/\/photoclubibmca.fr\/WP\/wp-json\/wp\/v2\/pages"}],"about":[{"href":"https:\/\/photoclubibmca.fr\/WP\/wp-json\/wp\/v2\/types\/page"}],"author":[{"embeddable":true,"href":"https:\/\/photoclubibmca.fr\/WP\/wp-json\/wp\/v2\/users\/1"}],"replies":[{"embeddable":true,"href":"https:\/\/photoclubibmca.fr\/WP\/wp-json\/wp\/v2\/comments?post=17011"}],"version-history":[{"count":4,"href":"https:\/\/photoclubibmca.fr\/WP\/wp-json\/wp\/v2\/pages\/17011\/revisions"}],"predecessor-version":[{"id":18243,"href":"https:\/\/photoclubibmca.fr\/WP\/wp-json\/wp\/v2\/pages\/17011\/revisions\/18243"}],"wp:attachment":[{"href":"https:\/\/photoclubibmca.fr\/WP\/wp-json\/wp\/v2\/media?parent=17011"}],"curies":[{"name":"wp","href":"https:\/\/api.w.org\/{rel}","templated":true}]}}