{"id":16565,"date":"2025-01-21T16:37:31","date_gmt":"2025-01-21T15:37:31","guid":{"rendered":"https:\/\/photoclublge.fr\/WP\/?page_id=16565"},"modified":"2025-07-10T15:37:56","modified_gmt":"2025-07-10T13:37:56","slug":"expositions-du-photoclub-ibm-cote-dazur","status":"publish","type":"page","link":"https:\/\/photoclubibmca.fr\/WP\/expositions-du-photoclub-ibm-cote-dazur\/","title":{"rendered":"Expositions du Photoclub IBM C\u00f4te d&rsquo;Azur"},"content":{"rendered":"\n<p class=\"has-text-align-center\">Catalogues et descriptifs des expositions r\u00e9alis\u00e9es par le Photoclub. <\/p>\n\n\n<div class=\"wp-block-image\">\n<figure class=\"aligncenter size-thumbnail\"><a href=\"https:\/\/photoclubibmca.fr\/WP\/wp-content\/uploads\/2025\/01\/image-5.png\"><img loading=\"lazy\" decoding=\"async\" width=\"150\" height=\"150\" src=\"https:\/\/photoclubibmca.fr\/WP\/wp-content\/uploads\/2025\/01\/image-5-150x150.png\" alt=\"\" class=\"wp-image-16679\" srcset=\"https:\/\/photoclubibmca.fr\/WP\/wp-content\/uploads\/2025\/01\/image-5-150x150.png 150w, https:\/\/photoclubibmca.fr\/WP\/wp-content\/uploads\/2025\/01\/image-5-176x176.png 176w, https:\/\/photoclubibmca.fr\/WP\/wp-content\/uploads\/2025\/01\/image-5-60x60.png 60w\" sizes=\"auto, (max-width: 150px) 100vw, 150px\" \/><\/a><\/figure>\n<\/div>\n\n\n<h2 class=\"wp-block-heading has-text-align-center\">Expositions en cours<\/h2>\n\n\n\n<p class=\"has-text-align-center\">Dates et lieux sont r\u00e9guli\u00e8rement communiqu\u00e9s sur la page Facebook et le site web du Photoclub<\/p>\n\n\n\n<h2 class=\"wp-block-heading has-text-align-center\"><strong>Groupe G\u00e9n\u00e9ration Azur IA<\/strong><\/h2>\n\n\n\n<p class=\"has-text-align-center\"><strong> <\/strong><a href=\"https:\/\/photoclubibmca.fr\/WP\/exposition-club-a-la-maniere-de\/\" target=\"_blank\" rel=\"noreferrer noopener\"><strong>2024-2025<\/strong> &#8211; A La Mani\u00e8re De &#8230;<\/a> (*) &#8211; L&rsquo;exposition est visible \u00e0 l&rsquo;ETSI de Valbonne jusqu&rsquo;au 11 f\u00e9vrier 2025 matin. Elle d\u00e9m\u00e9nagera ensuite \u00e0 Cannes pour le WAICF (Festival de l&rsquo;IA). Elle sera ensuite visible \u00e0 la <a href=\"https:\/\/www.maison-intelligence-artificielle.com\/a-la-maniere-de-quand-lia-sinspire-des-maitres-de-lart\/\" target=\"_blank\" rel=\"noreferrer noopener\">MIA de Sophia Antipolis<\/a> jusqu&rsquo;au 12 juin. Elle sera d\u00e9plac\u00e9e ensuite du 5 juillet au 3 octobre au <a href=\"https:\/\/www.panasia.fr\/fr\/actualites\/nouvelle-exposition-chez-panasia-cap3000-a-la-maniere-de-b256.html\" target=\"_blank\" rel=\"noreferrer noopener\">restaurant PANASIA<\/a> de CAP 3000 \u00e0 Saint Laurent du Var.<\/p>\n\n\n\n<h2 class=\"wp-block-heading has-text-align-center\"><strong>Photographie<\/strong><\/h2>\n\n\n\n<p class=\"has-text-align-center\"><strong>Expositions termin\u00e9es<\/strong><\/p>\n\n\n\n<p class=\"has-text-align-center\"><strong>2024-2025<\/strong> &#8211; Cr\u00e9atures et Mondes Fantastiques (*) &#8211; L&rsquo;exposition \u00e9tait visible \u00e0 la Maison des 1000 premiers jours de Nice jusqu&rsquo;\u00e0 fin d\u00e9cembre 2024.<\/p>\n\n\n\n<p class=\"has-text-align-center\"><a href=\"https:\/\/photoclubibmca.fr\/WP\/exposition-2024-25-street-photography\/\" target=\"_blank\" rel=\"noreferrer noopener\"><strong>2024-2025<\/strong> &#8211; Street Photography<\/a><\/p>\n\n\n\n<p class=\"has-text-align-center\"><a href=\"https:\/\/photoclubibmca.fr\/WP\/exposition-2023-symetrie\/\" target=\"_blank\" rel=\"noreferrer noopener\"><strong>2023<\/strong> &#8211; Sym\u00e9trie<\/a><\/p>\n\n\n\n<p class=\"has-text-align-center\"><a href=\"https:\/\/photoclubibmca.fr\/WP\/exposition-2022-portraits-nb\/\" target=\"_blank\" rel=\"noreferrer noopener\"><strong>2022<\/strong> &#8211; Portraits<\/a><\/p>\n\n\n\n<p class=\"has-text-align-center\"><a href=\"https:\/\/photoclubibmca.fr\/WP\/exposition-2020-constructions-lieux-abandonnes\/\" target=\"_blank\" rel=\"noreferrer noopener\"><strong>2020<\/strong> &#8211; Constructions et Lieux Abandonn\u00e9s<\/a><\/p>\n\n\n\n<p class=\"has-text-align-center\"><a href=\"https:\/\/photoclubibmca.fr\/WP\/exposition-2019-heure-bleue\/\" target=\"_blank\" rel=\"noreferrer noopener\"><strong>2019<\/strong> &#8211; Heure Bleue<\/a><\/p>\n\n\n\n<p class=\"has-text-align-center\"><a href=\"https:\/\/photoclubibmca.fr\/WP\/exposition-2019-le-corps-dans-tous-ses-etats\/\" target=\"_blank\" rel=\"noreferrer noopener\"><strong>2019<\/strong> &#8211; Le Corps Dans Tous Ses \u00c9tats<\/a><\/p>\n\n\n\n<p class=\"has-text-align-center\"><a href=\"https:\/\/photoclubibmca.fr\/WP\/exposition-2018-architecture\/\" target=\"_blank\" rel=\"noreferrer noopener\"><strong>2018<\/strong> &#8211; Architecture<\/a><\/p>\n\n\n\n<p>(*) Acc\u00e8s r\u00e9serv\u00e9 aux membres du club<\/p>\n","protected":false},"excerpt":{"rendered":"<p>Catalogues et descriptifs des expositions r\u00e9alis\u00e9es par le Photoclub. Expositions en cours Dates et lieux sont r\u00e9guli\u00e8rement communiqu\u00e9s sur la page Facebook et le site web du Photoclub Groupe G\u00e9n\u00e9ration&#8230; <a href=\"https:\/\/photoclubibmca.fr\/WP\/expositions-du-photoclub-ibm-cote-dazur\/\">Read more &raquo;<\/a><\/p>\n","protected":false},"author":1,"featured_media":0,"parent":0,"menu_order":0,"comment_status":"closed","ping_status":"closed","template":"","meta":{"ngg_post_thumbnail":0,"footnotes":""},"class_list":["post-16565","page","type-page","status-publish","hentry"],"_links":{"self":[{"href":"https:\/\/photoclubibmca.fr\/WP\/wp-json\/wp\/v2\/pages\/16565","targetHints":{"allow":["GET"]}}],"collection":[{"href":"https:\/\/photoclubibmca.fr\/WP\/wp-json\/wp\/v2\/pages"}],"about":[{"href":"https:\/\/photoclubibmca.fr\/WP\/wp-json\/wp\/v2\/types\/page"}],"author":[{"embeddable":true,"href":"https:\/\/photoclubibmca.fr\/WP\/wp-json\/wp\/v2\/users\/1"}],"replies":[{"embeddable":true,"href":"https:\/\/photoclubibmca.fr\/WP\/wp-json\/wp\/v2\/comments?post=16565"}],"version-history":[{"count":5,"href":"https:\/\/photoclubibmca.fr\/WP\/wp-json\/wp\/v2\/pages\/16565\/revisions"}],"predecessor-version":[{"id":17497,"href":"https:\/\/photoclubibmca.fr\/WP\/wp-json\/wp\/v2\/pages\/16565\/revisions\/17497"}],"wp:attachment":[{"href":"https:\/\/photoclubibmca.fr\/WP\/wp-json\/wp\/v2\/media?parent=16565"}],"curies":[{"name":"wp","href":"https:\/\/api.w.org\/{rel}","templated":true}]}}