{"id":16212,"date":"2024-10-15T17:04:44","date_gmt":"2024-10-15T15:04:44","guid":{"rendered":"https:\/\/photoclublge.fr\/WP\/?page_id=16212"},"modified":"2025-03-27T18:23:12","modified_gmt":"2025-03-27T17:23:12","slug":"manuels-utilisateur","status":"publish","type":"page","link":"https:\/\/photoclubibmca.fr\/WP\/manuels-utilisateur\/","title":{"rendered":"Manuels utilisateur 2024"},"content":{"rendered":"<p><span class=\"wppb-frontend-restriction-message wppb-content-restriction-message\">Vous devez \u00eatre connect\u00e9(e) pour acc\u00e9der \u00e0 ce contenu.\u00a0En cas de probl\u00e8me de connexion, merci de bien vouloir contacter le <a href=\"https:\/\/photoclublge.fr\/WP\/contact-2\/\" target=\"_blank\" rel=\"noopener\">webmaster<\/a><\/span><\/p>\n","protected":false},"excerpt":{"rendered":"<p>Vous devez \u00eatre connect\u00e9(e) pour acc\u00e9der \u00e0 ce contenu.\u00a0En cas de probl\u00e8me de connexion, merci de bien vouloir contacter le webmaster<\/p>\n","protected":false},"author":1,"featured_media":0,"parent":0,"menu_order":0,"comment_status":"closed","ping_status":"closed","template":"","meta":{"ngg_post_thumbnail":0,"footnotes":""},"class_list":["post-16212","page","type-page","status-publish","hentry"],"_links":{"self":[{"href":"https:\/\/photoclubibmca.fr\/WP\/wp-json\/wp\/v2\/pages\/16212","targetHints":{"allow":["GET"]}}],"collection":[{"href":"https:\/\/photoclubibmca.fr\/WP\/wp-json\/wp\/v2\/pages"}],"about":[{"href":"https:\/\/photoclubibmca.fr\/WP\/wp-json\/wp\/v2\/types\/page"}],"author":[{"embeddable":true,"href":"https:\/\/photoclubibmca.fr\/WP\/wp-json\/wp\/v2\/users\/1"}],"replies":[{"embeddable":true,"href":"https:\/\/photoclubibmca.fr\/WP\/wp-json\/wp\/v2\/comments?post=16212"}],"version-history":[{"count":1,"href":"https:\/\/photoclubibmca.fr\/WP\/wp-json\/wp\/v2\/pages\/16212\/revisions"}],"predecessor-version":[{"id":16702,"href":"https:\/\/photoclubibmca.fr\/WP\/wp-json\/wp\/v2\/pages\/16212\/revisions\/16702"}],"wp:attachment":[{"href":"https:\/\/photoclubibmca.fr\/WP\/wp-json\/wp\/v2\/media?parent=16212"}],"curies":[{"name":"wp","href":"https:\/\/api.w.org\/{rel}","templated":true}]}}