{"id":1386,"date":"2019-07-11T20:20:34","date_gmt":"2019-07-11T18:20:34","guid":{"rendered":"http:\/\/photoclublge.fr\/WP\/?page_id=1386"},"modified":"2024-04-02T17:26:02","modified_gmt":"2024-04-02T15:26:02","slug":"concours-national-ibm-2021","status":"publish","type":"page","link":"https:\/\/photoclubibmca.fr\/WP\/concours-national-ibm-2021\/","title":{"rendered":"Concours national IBM 2021"},"content":{"rendered":"<p style=\"text-align: center;\">Le 71\u00e8me Concours national IBM &#8211; annul\u00e9 en 2020 et report\u00e9 en 2021 &#8211; sera organis\u00e9 par le Photo Club IBM C\u00f4te d&rsquo;Azur les vendredi 10 et samedi 11 septembre 2021 \u00e0 La Gaude. Une sortie est \u00e9galement pr\u00e9vue le dimanche 12 septembre, les d\u00e9tails seront communiqu\u00e9s d\u00e8s que possible.<\/p>\n<p style=\"text-align: center;\">Les concours papier et images projet\u00e9es sont ouverts aux membres des <strong><span style=\"text-decoration: underline;\">seuls clubs photo IBM<\/span><\/strong>.<\/p>\n<p style=\"text-align: center;\">Le 29\u00e8me crit\u00e9rium sera ouvert aux membres des clubs photo IBM, aux clubs photo et photographes individuels de la r\u00e9gion Provence-Alpes-C\u00f4te d&rsquo;Azur. Il couvre 2 sujets (N&amp;B et couleur) parmi les 10 sujets propos\u00e9s.<\/p>\n<p style=\"text-align: center;\"><a href=\"https:\/\/photoclublge.fr\/WP\/wp-content\/uploads\/2021\/08\/Concours-National-Photo-IBM-2021-Programme-pour-clubs-et-photographes-regionaux-v1.1.pdf\" target=\"_blank\" rel=\"noopener\">Programme de la manifestation<\/a> (\u00e0 l&rsquo;attention des clubs et photographes r\u00e9gionaux, mise \u00e0 jour du <span style=\"color: #993300;\"><strong>23 juillet<\/strong><\/span>)<\/p>\n<h2>Sujets des concours<\/h2>\n<h3>Concours papier<\/h3>\n<ul>\n<li><strong>Monochrome<\/strong><\/li>\n<\/ul>\n<p style=\"padding-left: 60px;\">Lignes<br \/>\nAnges et d\u00e9mons<br \/>\nSujet Libre<br \/>\nConcours d&rsquo;Auteur (4 \u00e0 7 photos)<\/p>\n<ul>\n<li><strong>Couleur<\/strong><\/li>\n<\/ul>\n<p style=\"padding-left: 60px;\">Danse<br \/>\nL&rsquo;humain dans la ville<br \/>\nSujet Libre<br \/>\nConcours d&rsquo;Auteur (4 \u00e0 7 photos)<\/p>\n<h3>\u00a9 Crit\u00e9rium<\/h3>\n<ul>\n<li><strong>Monochrome<\/strong><\/li>\n<\/ul>\n<p style=\"padding-left: 60px;\">\u00a9 Portraits \u00a9<\/p>\n<ul>\n<li><strong>Couleur<\/strong><\/li>\n<\/ul>\n<p style=\"padding-left: 60px;\">\u00a9 Paysages non urbains \u00a9<\/p>\n<h5 style=\"padding-left: 30px;\">\u00c9v\u00e9nement et agenda sur la page <a href=\"https:\/\/www.facebook.com\/events\/465650984233757\/\" target=\"_blank\" rel=\"noopener noreferrer\">Facebook<\/a><\/h5>\n<h3>Concours images projet\u00e9es<\/h3>\n<p style=\"padding-left: 60px;\">Sujet libre<br \/>\nQuadrimage<br \/>\nDiaporama<\/p>\n<h2>R\u00e8glements des concours<\/h2>\n<p>Version 2019 reconduites en 2021 (sauf information contraire)<\/p>\n<p style=\"padding-left: 60px;\"><a href=\"https:\/\/photoclub-ibm.fr\/wp-content\/uploads\/2017\/05\/Reglement-Concours-Photo-IBM-2017.pdf\" target=\"_blank\" rel=\"noopener noreferrer\">Concours papier et images projet\u00e9es<\/a><br \/>\n<a href=\"https:\/\/photoclublge.fr\/WP\/wp-content\/uploads\/2021\/06\/Reglement-Criterium-Concours-Photo-IBM-2021-v1.7.pdf\" target=\"_blank\" rel=\"noopener noreferrer\">Crit\u00e9rium 2021 &amp; bordereaux<\/a><\/p>\n","protected":false},"excerpt":{"rendered":"<p>Le 71\u00e8me Concours national IBM &#8211; annul\u00e9 en 2020 et report\u00e9 en 2021 &#8211; sera organis\u00e9 par le Photo Club IBM C\u00f4te d&rsquo;Azur les vendredi 10 et samedi 11 septembre&#8230; <a href=\"https:\/\/photoclubibmca.fr\/WP\/concours-national-ibm-2021\/\">Read more &raquo;<\/a><\/p>\n","protected":false},"author":79,"featured_media":0,"parent":0,"menu_order":250,"comment_status":"closed","ping_status":"closed","template":"","meta":{"ngg_post_thumbnail":0,"footnotes":""},"class_list":["post-1386","page","type-page","status-publish","hentry"],"_links":{"self":[{"href":"https:\/\/photoclubibmca.fr\/WP\/wp-json\/wp\/v2\/pages\/1386","targetHints":{"allow":["GET"]}}],"collection":[{"href":"https:\/\/photoclubibmca.fr\/WP\/wp-json\/wp\/v2\/pages"}],"about":[{"href":"https:\/\/photoclubibmca.fr\/WP\/wp-json\/wp\/v2\/types\/page"}],"author":[{"embeddable":true,"href":"https:\/\/photoclubibmca.fr\/WP\/wp-json\/wp\/v2\/users\/79"}],"replies":[{"embeddable":true,"href":"https:\/\/photoclubibmca.fr\/WP\/wp-json\/wp\/v2\/comments?post=1386"}],"version-history":[{"count":0,"href":"https:\/\/photoclubibmca.fr\/WP\/wp-json\/wp\/v2\/pages\/1386\/revisions"}],"wp:attachment":[{"href":"https:\/\/photoclubibmca.fr\/WP\/wp-json\/wp\/v2\/media?parent=1386"}],"curies":[{"name":"wp","href":"https:\/\/api.w.org\/{rel}","templated":true}]}}