{"id":128,"date":"2016-02-27T11:14:10","date_gmt":"2016-02-27T10:14:10","guid":{"rendered":"http:\/\/photoclublge.fr\/WP\/?page_id=128"},"modified":"2025-05-08T16:01:12","modified_gmt":"2025-05-08T14:01:12","slug":"membres","status":"publish","type":"page","link":"https:\/\/photoclubibmca.fr\/WP\/le-club\/membres\/","title":{"rendered":"Membres 2025"},"content":{"rendered":"<p><strong>Pr\u00e9sident :<\/strong><br \/>\n&nbsp;&nbsp;&nbsp; <a href=\"https:\/\/photoclubibmca.fr\/WP\/contact-2\/?destinataire=Pr\u00e9sident\" target=\"_blank\" rel=\"noopener\">Nicolas Foy\u00e9<\/a><br \/>\n<strong>Secr\u00e9taire \/ Vice-Pr\u00e9sident :<\/strong><br \/>\n&nbsp;&nbsp;&nbsp; <a href=\"https:\/\/photoclubibmca.fr\/WP\/contact-2\/?destinataire=Secr\u00e9taire\" target=\"_blank\" rel=\"noopener\">Christophe Dentinger<\/a><br \/>\n<strong>Tr\u00e9sorier :<\/strong><br \/>\n&nbsp;&nbsp;&nbsp;&nbsp;<a href=\"https:\/\/photoclubibmca.fr\/WP\/contact-2\/?destinataire=Tr\u00e9sorier\" target=\"_blank\" rel=\"noopener\">Denis Est\u00e8ve<\/a><br \/>\n<strong>Membres du CA :<\/strong><br \/>\n&nbsp; &nbsp; Alexandre Bronetsky<br \/>\n&nbsp;&nbsp;&nbsp;&nbsp;Marianne Drouet<br \/>\n&nbsp;&nbsp;&nbsp;&nbsp;Philippe Favre<br \/>\n&nbsp;&nbsp;&nbsp;&nbsp;Pascal Thirion (<a href=\"https:\/\/photoclubibmca.fr\/WP\/contact-2\/?destinataire=Webmaster\" target=\"_blank\" rel=\"noopener\">webmaster<\/a>)<br \/>\n&nbsp;&nbsp;&nbsp;&nbsp;Maurice Zanella<\/p>\n<p>Le club compte 34 membres inscrits en 2025 dont 26 participent \u00e9galement \u00e0 la section \u00ab\u00a0<a href=\"https:\/\/photoclubibmca.fr\/WP\/generation-azur-ia\/\" target=\"_blank\" rel=\"noopener\">G\u00e9n\u00e9ration Azur IA<\/a>\u00ab\u00a0, produisant des images cr\u00e9\u00e9es par une Intelligence Artificielle g\u00e9n\u00e9rative.<\/p>\n","protected":false},"excerpt":{"rendered":"<p>Pr\u00e9sident : &nbsp;&nbsp;&nbsp; Nicolas Foy\u00e9 Secr\u00e9taire \/ Vice-Pr\u00e9sident : &nbsp;&nbsp;&nbsp; Christophe Dentinger Tr\u00e9sorier : &nbsp;&nbsp;&nbsp;&nbsp;Denis Est\u00e8ve Membres du CA : &nbsp; &nbsp; Alexandre Bronetsky &nbsp;&nbsp;&nbsp;&nbsp;Marianne Drouet &nbsp;&nbsp;&nbsp;&nbsp;Philippe Favre &nbsp;&nbsp;&nbsp;&nbsp;Pascal Thirion&#8230; <a href=\"https:\/\/photoclubibmca.fr\/WP\/le-club\/membres\/\">Read more &raquo;<\/a><\/p>\n","protected":false},"author":79,"featured_media":0,"parent":124,"menu_order":11,"comment_status":"closed","ping_status":"closed","template":"","meta":{"ngg_post_thumbnail":0,"footnotes":""},"class_list":["post-128","page","type-page","status-publish","hentry"],"_links":{"self":[{"href":"https:\/\/photoclubibmca.fr\/WP\/wp-json\/wp\/v2\/pages\/128","targetHints":{"allow":["GET"]}}],"collection":[{"href":"https:\/\/photoclubibmca.fr\/WP\/wp-json\/wp\/v2\/pages"}],"about":[{"href":"https:\/\/photoclubibmca.fr\/WP\/wp-json\/wp\/v2\/types\/page"}],"author":[{"embeddable":true,"href":"https:\/\/photoclubibmca.fr\/WP\/wp-json\/wp\/v2\/users\/79"}],"replies":[{"embeddable":true,"href":"https:\/\/photoclubibmca.fr\/WP\/wp-json\/wp\/v2\/comments?post=128"}],"version-history":[{"count":5,"href":"https:\/\/photoclubibmca.fr\/WP\/wp-json\/wp\/v2\/pages\/128\/revisions"}],"predecessor-version":[{"id":17294,"href":"https:\/\/photoclubibmca.fr\/WP\/wp-json\/wp\/v2\/pages\/128\/revisions\/17294"}],"up":[{"embeddable":true,"href":"https:\/\/photoclubibmca.fr\/WP\/wp-json\/wp\/v2\/pages\/124"}],"wp:attachment":[{"href":"https:\/\/photoclubibmca.fr\/WP\/wp-json\/wp\/v2\/media?parent=128"}],"curies":[{"name":"wp","href":"https:\/\/api.w.org\/{rel}","templated":true}]}}