{"id":124,"date":"2016-02-27T11:12:11","date_gmt":"2016-02-27T10:12:11","guid":{"rendered":"http:\/\/photoclublge.fr\/WP\/?page_id=124"},"modified":"2025-08-20T14:10:13","modified_gmt":"2025-08-20T12:10:13","slug":"le-club","status":"publish","type":"page","link":"https:\/\/photoclubibmca.fr\/WP\/le-club\/","title":{"rendered":"Le club"},"content":{"rendered":"\n<p>Le Photo Club IBM La Gaude est n\u00e9 au d\u00e9but des ann\u00e9es 60 peu de temps apr\u00e8s la cr\u00e9ation du Centre d&rsquo;\u00e9tude et de recherche IBM \u00e0 La Gaude.<br>La compagnie ayant quitt\u00e9 ce site pour Nice M\u00e9ridia et Sophia Antipolis notre club, en 2015, change de nom et devient le Photo Club IBM C\u00f4te d&rsquo;Azur.<br>Cette association loi 1901 a pour but de rassembler autour d&rsquo;une passion commune, la photographie, les membres du personnel d&rsquo;IBM La Gaude tout en acceptant quelques membres ext\u00e9rieurs. L&rsquo;adh\u00e9sion de membres ext\u00e9rieurs se fait uniquement par cooptation.<br>Elle offre la possibilit\u00e9 de nouer et d&rsquo;entretenir des liens amicaux entre ses membres par l&rsquo;\u00e9change d&rsquo;informations et du savoir-faire technique et artistique de chacun.<br>Nous nous r\u00e9unissons une \u00e0 deux fois par mois pour des pr\u00e9sentations et discussions techniques ou artistiques et pour \u00e9changer sur les photos pr\u00e9sent\u00e9es par les membres du club. Des r\u00e9unions plus sp\u00e9cifiques d\u00e9di\u00e9es \u00e0 une pr\u00e9sentation ou un sujet sont \u00e9galement pr\u00e9vues (ateliers, cr\u00e9ativit\u00e9 et IA, pr\u00e9sentations mat\u00e9riel et\/ou logiciel, etc.).<br>Le club met \u00e0 disposition des membres de l&rsquo;association du mat\u00e9riel photographique : bo\u00eetiers num\u00e9riques, optiques (t\u00e9l\u00e9objectifs, grands-angles, objectifs macro&#8230;), scanners de diapositives et n\u00e9gatifs&#8230; ainsi qu&rsquo;un service d&rsquo;impression et de consultation de revues en ligne.<br>Le club incite ses membres \u00e0 participer \u00e0 des concours photo, principalement le concours national IBM, mais aussi les concours de la F\u00e9d\u00e9ration photographique de France, ceux organis\u00e9s par les clubs r\u00e9gionaux &#8230;<br>Nous exposons nos meilleures images dans des expositions de la r\u00e9gion.<br>Nous couvrons photographiquement les principaux \u00e9v\u00e9nements organis\u00e9s par le Comit\u00e9 d&rsquo;entreprise d&rsquo;IBM.<\/p>\n\n\n\n<p class=\"has-text-align-center\"><a href=\"https:\/\/photoclubibmca.fr\/WP\/wp-content\/uploads\/2025\/08\/Photoclub-IBM-Cote-dazur-Depliant-v1.6.pdf\" target=\"_blank\" rel=\"noreferrer noopener\">Plaquette de pr\u00e9sentation du club,  de ses activit\u00e9s et services propos\u00e9s<\/a><\/p>\n","protected":false},"excerpt":{"rendered":"<p>Le Photo Club IBM La Gaude est n\u00e9 au d\u00e9but des ann\u00e9es 60 peu de temps apr\u00e8s la cr\u00e9ation du Centre d&rsquo;\u00e9tude et de recherche IBM \u00e0 La Gaude.La compagnie&#8230; <a href=\"https:\/\/photoclubibmca.fr\/WP\/le-club\/\">Read more &raquo;<\/a><\/p>\n","protected":false},"author":79,"featured_media":0,"parent":0,"menu_order":10,"comment_status":"closed","ping_status":"closed","template":"","meta":{"ngg_post_thumbnail":0,"footnotes":""},"class_list":["post-124","page","type-page","status-publish","hentry"],"_links":{"self":[{"href":"https:\/\/photoclubibmca.fr\/WP\/wp-json\/wp\/v2\/pages\/124","targetHints":{"allow":["GET"]}}],"collection":[{"href":"https:\/\/photoclubibmca.fr\/WP\/wp-json\/wp\/v2\/pages"}],"about":[{"href":"https:\/\/photoclubibmca.fr\/WP\/wp-json\/wp\/v2\/types\/page"}],"author":[{"embeddable":true,"href":"https:\/\/photoclubibmca.fr\/WP\/wp-json\/wp\/v2\/users\/79"}],"replies":[{"embeddable":true,"href":"https:\/\/photoclubibmca.fr\/WP\/wp-json\/wp\/v2\/comments?post=124"}],"version-history":[{"count":4,"href":"https:\/\/photoclubibmca.fr\/WP\/wp-json\/wp\/v2\/pages\/124\/revisions"}],"predecessor-version":[{"id":17602,"href":"https:\/\/photoclubibmca.fr\/WP\/wp-json\/wp\/v2\/pages\/124\/revisions\/17602"}],"wp:attachment":[{"href":"https:\/\/photoclubibmca.fr\/WP\/wp-json\/wp\/v2\/media?parent=124"}],"curies":[{"name":"wp","href":"https:\/\/api.w.org\/{rel}","templated":true}]}}