{"id":122,"date":"2016-02-27T11:11:22","date_gmt":"2016-02-27T10:11:22","guid":{"rendered":"http:\/\/photoclublge.fr\/WP\/?page_id=122"},"modified":"2026-02-19T11:45:22","modified_gmt":"2026-02-19T10:45:22","slug":"contact-2","status":"publish","type":"page","link":"https:\/\/photoclubibmca.fr\/WP\/contact-2\/","title":{"rendered":"Contact"},"content":{"rendered":"\n<p class=\"has-text-align-center\">Vos commentaires ou questions sont les bienvenus. Une mise \u00e0 jour \u00e0 proposer ou signaler ? N&rsquo;h\u00e9sitez pas.<\/p>\n\n\n\n<p class=\"has-text-align-center\"><\/p>\n\n\n\n<div class=\"wpcf7 no-js\" id=\"wpcf7-f1426-o1\" lang=\"fr-FR\" dir=\"ltr\" data-wpcf7-id=\"1426\">\n<div class=\"screen-reader-response\"><p role=\"status\" aria-live=\"polite\" aria-atomic=\"true\"><\/p> <ul><\/ul><\/div>\n<form action=\"\/WP\/wp-json\/wp\/v2\/pages\/122#wpcf7-f1426-o1\" method=\"post\" class=\"wpcf7-form init\" aria-label=\"Formulaire de contact\" novalidate=\"novalidate\" data-status=\"init\">\n<fieldset class=\"hidden-fields-container\"><input type=\"hidden\" name=\"_wpcf7\" value=\"1426\" \/><input type=\"hidden\" name=\"_wpcf7_version\" value=\"6.1.5\" \/><input type=\"hidden\" name=\"_wpcf7_locale\" value=\"fr_FR\" \/><input type=\"hidden\" name=\"_wpcf7_unit_tag\" value=\"wpcf7-f1426-o1\" \/><input type=\"hidden\" name=\"_wpcf7_container_post\" value=\"0\" \/><input type=\"hidden\" name=\"_wpcf7_posted_data_hash\" value=\"\" \/><input type=\"hidden\" name=\"_wpcf7_recaptcha_response\" value=\"\" \/>\n<\/fieldset>\n<font size=\"-1\">\n\t<p><label> Votre nom*<br \/>\n<span class=\"wpcf7-form-control-wrap\" data-name=\"nom\"><input size=\"40\" maxlength=\"400\" class=\"wpcf7-form-control wpcf7-text wpcf7-validates-as-required\" aria-required=\"true\" aria-invalid=\"false\" value=\"\" type=\"text\" name=\"nom\" \/><\/span> <\/label><br \/>\n<label> Votre adresse de messagerie*<br \/>\n<span class=\"wpcf7-form-control-wrap\" data-name=\"courriel\"><input size=\"40\" maxlength=\"400\" class=\"wpcf7-form-control wpcf7-email wpcf7-validates-as-required wpcf7-text wpcf7-validates-as-email\" aria-required=\"true\" aria-invalid=\"false\" value=\"\" type=\"email\" name=\"courriel\" \/><\/span> <\/label><br \/>\n<label> Objet de la demande*<br \/>\n<span class=\"wpcf7-form-control-wrap\" data-name=\"objet\"><input size=\"40\" maxlength=\"400\" class=\"wpcf7-form-control wpcf7-text wpcf7-validates-as-required\" aria-required=\"true\" aria-invalid=\"false\" value=\"\" type=\"text\" name=\"objet\" \/><\/span> <\/label><br \/>\n<label> Personne \u00e0 contacter*<br \/>\n<span class=\"wpcf7-form-control-wrap\" data-name=\"destinataire\"><select class=\"wpcf7-form-control wpcf7-select wpcf7-validates-as-required\" aria-required=\"true\" aria-invalid=\"false\" name=\"destinataire\"><option value=\"Pr\u00e9sident\">Pr\u00e9sident<\/option><option value=\"Secr\u00e9taire\">Secr\u00e9taire<\/option><option value=\"Tr\u00e9sorier\">Tr\u00e9sorier<\/option><option value=\"Responsable mat\u00e9riels\">Responsable mat\u00e9riels<\/option><option value=\"Webmaster\">Webmaster<\/option><\/select><\/span><br \/>\n<\/label><br \/>\n<label> Votre message*<br \/>\n<span class=\"wpcf7-form-control-wrap\" data-name=\"commentaire\"><textarea cols=\"40\" rows=\"10\" maxlength=\"140\" minlength=\"10\" class=\"wpcf7-form-control wpcf7-textarea wpcf7-validates-as-required\" aria-required=\"true\" aria-invalid=\"false\" name=\"commentaire\"><\/textarea><\/span><br \/>\n<span class=\"wpcf7-character-count down\" data-target-name=\"commentaire\" data-starting-value=\"140\" data-current-value=\"140\" data-maximum-value=\"140\" data-minimum-value=\"10\">140<\/span> <\/label><br \/>\n<span class=\"wpcf7-form-control-wrap\" data-name=\"RPGD\"><span class=\"wpcf7-form-control wpcf7-acceptance\"><span class=\"wpcf7-list-item\"><label><input type=\"checkbox\" name=\"RPGD\" value=\"1\" aria-invalid=\"false\" \/><span class=\"wpcf7-list-item-label\">J\u2019ai lu et accepte la <a target=\"_blank\" href=\"https:\/\/photoclubibmca.fr\/WP\/politique-de-confidentialite\/\">politique de confidentialit\u00e9<\/a> de ce site<\/span><\/label><\/span><\/span><\/span>\n\t<\/p>\n<\/font>\n<p><span id=\"wpcf7-69ddf765421d7-wrapper\" class=\"wpcf7-form-control-wrap e-mail-IP-HP-wrap\" ><input type=\"hidden\" name=\"e-mail-IP-HP-time-start\" value=\"1776154469\"><input type=\"hidden\" name=\"e-mail-IP-HP-time-check\" value=\"4\"><label for=\"wpcf7-69ddf765421d7-field\" class=\"hp-message\">Veuillez laisser ce champ vide.<\/label><input id=\"wpcf7-69ddf765421d7-field\"  placeholder=\"e-mail\"  class=\"wpcf7-form-control wpcf7-text\" type=\"text\" name=\"e-mail-IP-HP\" value=\"\" size=\"40\" tabindex=\"-1\" autocomplete=\"off\" \/><\/span>\n<\/p>\n\n<p><input class=\"wpcf7-form-control wpcf7-submit has-spinner\" type=\"submit\" value=\"Envoyer\" \/>\n<\/p><div class=\"wpcf7-response-output\" aria-hidden=\"true\"><\/div>\n<\/form>\n<\/div>\n\n\n\n\n<p class=\"has-text-align-center\"><\/p>\n\n\n\n<p><\/p>\n","protected":false},"excerpt":{"rendered":"<p>Vos commentaires ou questions sont les bienvenus. Une mise \u00e0 jour \u00e0 proposer ou signaler ? N&rsquo;h\u00e9sitez pas.<\/p>\n","protected":false},"author":79,"featured_media":0,"parent":0,"menu_order":20,"comment_status":"closed","ping_status":"closed","template":"","meta":{"ngg_post_thumbnail":0,"footnotes":""},"class_list":["post-122","page","type-page","status-publish","hentry"],"_links":{"self":[{"href":"https:\/\/photoclubibmca.fr\/WP\/wp-json\/wp\/v2\/pages\/122","targetHints":{"allow":["GET"]}}],"collection":[{"href":"https:\/\/photoclubibmca.fr\/WP\/wp-json\/wp\/v2\/pages"}],"about":[{"href":"https:\/\/photoclubibmca.fr\/WP\/wp-json\/wp\/v2\/types\/page"}],"author":[{"embeddable":true,"href":"https:\/\/photoclubibmca.fr\/WP\/wp-json\/wp\/v2\/users\/79"}],"replies":[{"embeddable":true,"href":"https:\/\/photoclubibmca.fr\/WP\/wp-json\/wp\/v2\/comments?post=122"}],"version-history":[{"count":1,"href":"https:\/\/photoclubibmca.fr\/WP\/wp-json\/wp\/v2\/pages\/122\/revisions"}],"predecessor-version":[{"id":17960,"href":"https:\/\/photoclubibmca.fr\/WP\/wp-json\/wp\/v2\/pages\/122\/revisions\/17960"}],"wp:attachment":[{"href":"https:\/\/photoclubibmca.fr\/WP\/wp-json\/wp\/v2\/media?parent=122"}],"curies":[{"name":"wp","href":"https:\/\/api.w.org\/{rel}","templated":true}]}}